{"id":68780,"date":"2026-01-07T12:33:11","date_gmt":"2026-01-07T11:33:11","guid":{"rendered":"https:\/\/innocentiemangonipiante.it\/buxus-newgen-freedom\/"},"modified":"2026-01-07T20:45:50","modified_gmt":"2026-01-07T19:45:50","slug":"buxus-newgen-freedom","status":"publish","type":"product","link":"https:\/\/innocentiemangonipiante.it\/de\/buxus-newgen-freedom\/","title":{"rendered":"BUXUS &#8218;NewGen Freedom&#8216;"},"content":{"rendered":"<p>Eine Sorte mit gl\u00e4nzend gr\u00fcnem Laub, kr\u00e4ftig und rundlich, etwas h\u00f6her als breit. Leicht zu schneiden, ideal f\u00fcr geometrische Formen wie Kugeln und Kegel. Ausgew\u00e4hlt wegen seiner hohen Widerstandsf\u00e4higkeit gegen Krankheiten. K\u00e4lte- und schnittfest. Kann im Winter eine bronzene F\u00e4rbung annehmen.<\/p>\n","protected":false},"excerpt":{"rendered":"<p>Eine Sorte mit gl\u00e4nzend gr\u00fcnem Laub, kr\u00e4ftig und rundlich, etwas h\u00f6her als breit. Leicht zu schneiden, ideal f\u00fcr geometrische Formen wie Kugeln und Kegel. Ausgew\u00e4hlt wegen seiner hohen Widerstandsf\u00e4higkeit gegen Krankheiten. K\u00e4lte- und schnittfest. Kann im Winter eine bronzene F\u00e4rbung annehmen.<\/p>\n","protected":false},"featured_media":67144,"template":"","meta":{"_acf_changed":false},"product_brand":[],"product_cat":[8816],"product_tag":[10898],"class_list":{"0":"post-68780","1":"product","2":"type-product","3":"status-publish","4":"has-post-thumbnail","6":"product_cat-hartnaeckige-baeume-und-straeucher","7":"product_tag-naturlichen","8":"pa_altezza-massima-0_80-meter","9":"pa_altezza-massima-120-de","10":"pa_famiglia-buxaceae-de","11":"pa_genere-buxus-de","12":"pa_origine-u-s-a","13":"pa_portamento-arrotondato-de","14":"pa_resistenza-climatica-sehr-hoch","15":"pa_utilizzo-bordueren","16":"pa_utilizzo-hecken","17":"pa_utilizzo-kleine-gaerten","18":"pa_utilizzo-parks-de","20":"first","21":"instock","22":"purchasable","23":"product-type-simple"},"acf":[],"_links":{"self":[{"href":"https:\/\/innocentiemangonipiante.it\/de\/wp-json\/wp\/v2\/product\/68780","targetHints":{"allow":["GET"]}}],"collection":[{"href":"https:\/\/innocentiemangonipiante.it\/de\/wp-json\/wp\/v2\/product"}],"about":[{"href":"https:\/\/innocentiemangonipiante.it\/de\/wp-json\/wp\/v2\/types\/product"}],"wp:featuredmedia":[{"embeddable":true,"href":"https:\/\/innocentiemangonipiante.it\/de\/wp-json\/wp\/v2\/media\/67144"}],"wp:attachment":[{"href":"https:\/\/innocentiemangonipiante.it\/de\/wp-json\/wp\/v2\/media?parent=68780"}],"wp:term":[{"taxonomy":"product_brand","embeddable":true,"href":"https:\/\/innocentiemangonipiante.it\/de\/wp-json\/wp\/v2\/product_brand?post=68780"},{"taxonomy":"product_cat","embeddable":true,"href":"https:\/\/innocentiemangonipiante.it\/de\/wp-json\/wp\/v2\/product_cat?post=68780"},{"taxonomy":"product_tag","embeddable":true,"href":"https:\/\/innocentiemangonipiante.it\/de\/wp-json\/wp\/v2\/product_tag?post=68780"}],"curies":[{"name":"wp","href":"https:\/\/api.w.org\/{rel}","templated":true}]}}