{"id":68781,"date":"2026-01-07T12:33:27","date_gmt":"2026-01-07T11:33:27","guid":{"rendered":"https:\/\/innocentiemangonipiante.it\/callicarpa-magical-snowqueen\/"},"modified":"2026-01-07T20:45:53","modified_gmt":"2026-01-07T19:45:53","slug":"callicarpa-magical-snowqueen","status":"publish","type":"product","link":"https:\/\/innocentiemangonipiante.it\/de\/callicarpa-magical-snowqueen\/","title":{"rendered":"CALLICARPA &#8218;Magical Snowqueen&#8216;"},"content":{"rendered":"<p>Eine Sorte mit ausladendem Wuchs und sch\u00f6n lilafarbener Bl\u00fcte von Juli bis September, gefolgt von intensiven wei\u00dfen Beeren. Ben\u00f6tigt volle Sonneneinstrahlung.<\/p>\n","protected":false},"excerpt":{"rendered":"<p>Eine Sorte mit ausladendem Wuchs und sch\u00f6n lilafarbener Bl\u00fcte von Juli bis September, gefolgt von intensiven wei\u00dfen Beeren. Ben\u00f6tigt volle Sonneneinstrahlung.<\/p>\n","protected":false},"featured_media":67155,"template":"","meta":{"_acf_changed":false},"product_brand":[],"product_cat":[8813],"product_tag":[10898],"class_list":{"0":"post-68781","1":"product","2":"type-product","3":"status-publish","4":"has-post-thumbnail","6":"product_cat-laubbaume-und-straucher","7":"product_tag-naturlichen","8":"pa_altezza-massima-150-de","9":"pa_altezza-massima-180-de","10":"pa_colore-fioritura-lila","11":"pa_famiglia-verbenaceae-de","12":"pa_genere-callicarpa-de","13":"pa_origine-holland-de","14":"pa_periodo-fioritura-august-de","15":"pa_periodo-fioritura-juli","16":"pa_periodo-fioritura-september-de","17":"pa_portamento-cespuglioso-de","18":"pa_resistenza-climatica-sehr-hoch","19":"pa_utilizzo-bordueren","20":"pa_utilizzo-kleine-gaerten","22":"first","23":"instock","24":"purchasable","25":"product-type-simple"},"acf":[],"_links":{"self":[{"href":"https:\/\/innocentiemangonipiante.it\/de\/wp-json\/wp\/v2\/product\/68781","targetHints":{"allow":["GET"]}}],"collection":[{"href":"https:\/\/innocentiemangonipiante.it\/de\/wp-json\/wp\/v2\/product"}],"about":[{"href":"https:\/\/innocentiemangonipiante.it\/de\/wp-json\/wp\/v2\/types\/product"}],"wp:featuredmedia":[{"embeddable":true,"href":"https:\/\/innocentiemangonipiante.it\/de\/wp-json\/wp\/v2\/media\/67155"}],"wp:attachment":[{"href":"https:\/\/innocentiemangonipiante.it\/de\/wp-json\/wp\/v2\/media?parent=68781"}],"wp:term":[{"taxonomy":"product_brand","embeddable":true,"href":"https:\/\/innocentiemangonipiante.it\/de\/wp-json\/wp\/v2\/product_brand?post=68781"},{"taxonomy":"product_cat","embeddable":true,"href":"https:\/\/innocentiemangonipiante.it\/de\/wp-json\/wp\/v2\/product_cat?post=68781"},{"taxonomy":"product_tag","embeddable":true,"href":"https:\/\/innocentiemangonipiante.it\/de\/wp-json\/wp\/v2\/product_tag?post=68781"}],"curies":[{"name":"wp","href":"https:\/\/api.w.org\/{rel}","templated":true}]}}