{"id":68782,"date":"2026-01-07T12:33:46","date_gmt":"2026-01-07T11:33:46","guid":{"rendered":"https:\/\/innocentiemangonipiante.it\/callicarpa-bodinieri-profusion-2\/"},"modified":"2026-01-07T20:45:56","modified_gmt":"2026-01-07T19:45:56","slug":"callicarpa-bodinieri-profusion-2","status":"publish","type":"product","link":"https:\/\/innocentiemangonipiante.it\/de\/callicarpa-bodinieri-profusion-2\/","title":{"rendered":"CALLICARPA bodinieri &#8218;Profusion&#8216;"},"content":{"rendered":"<p>Ein buschiger, laubabwerfender Strauch. Die Bl\u00e4tter sind elliptisch bis verkehrt-eif\u00f6rmig, spitz, dunkelgr\u00fcn und bis zu 18 cm lang. Junge Bl\u00e4tter sind bronzefarben. Er bildet achselst\u00e4ndige B\u00fcschel kleiner, blassvioletter Bl\u00fcten mit einem Durchmesser von 3,5 cm, die im Juni und Juli bl\u00fchen, gefolgt von violetten Fr\u00fcchten im Herbst.<\/p>\n","protected":false},"excerpt":{"rendered":"<p>Ein buschiger, laubabwerfender Strauch. Die Bl\u00e4tter sind elliptisch bis verkehrt-eif\u00f6rmig, spitz, dunkelgr\u00fcn und bis zu 18 cm lang. Junge Bl\u00e4tter sind bronzefarben. Er bildet achselst\u00e4ndige B\u00fcschel kleiner, blassvioletter Bl\u00fcten mit einem Durchmesser von 3,5 cm, die im Juni und Juli bl\u00fchen, gefolgt von violetten Fr\u00fcchten im Herbst.<\/p>\n","protected":false},"featured_media":67166,"template":"","meta":{"_acf_changed":false},"product_brand":[],"product_cat":[8813],"product_tag":[10898],"class_list":{"0":"post-68782","1":"product","2":"type-product","3":"status-publish","4":"has-post-thumbnail","6":"product_cat-laubbaume-und-straucher","7":"product_tag-naturlichen","8":"pa_altezza-massima-250-de","9":"pa_altezza-massima-300-de","10":"pa_colore-fioritura-violett","11":"pa_famiglia-verbenaceae-de","12":"pa_genere-callicarpa-de","13":"pa_origine-holland-de","14":"pa_periodo-fioritura-juli","15":"pa_periodo-fioritura-juni","16":"pa_portamento-cespuglioso-de","17":"pa_resistenza-climatica-sehr-hoch","18":"pa_utilizzo-balkone","19":"pa_utilizzo-bordueren","20":"pa_utilizzo-kleine-gaerten","22":"first","23":"instock","24":"purchasable","25":"product-type-simple"},"acf":[],"_links":{"self":[{"href":"https:\/\/innocentiemangonipiante.it\/de\/wp-json\/wp\/v2\/product\/68782","targetHints":{"allow":["GET"]}}],"collection":[{"href":"https:\/\/innocentiemangonipiante.it\/de\/wp-json\/wp\/v2\/product"}],"about":[{"href":"https:\/\/innocentiemangonipiante.it\/de\/wp-json\/wp\/v2\/types\/product"}],"wp:featuredmedia":[{"embeddable":true,"href":"https:\/\/innocentiemangonipiante.it\/de\/wp-json\/wp\/v2\/media\/67166"}],"wp:attachment":[{"href":"https:\/\/innocentiemangonipiante.it\/de\/wp-json\/wp\/v2\/media?parent=68782"}],"wp:term":[{"taxonomy":"product_brand","embeddable":true,"href":"https:\/\/innocentiemangonipiante.it\/de\/wp-json\/wp\/v2\/product_brand?post=68782"},{"taxonomy":"product_cat","embeddable":true,"href":"https:\/\/innocentiemangonipiante.it\/de\/wp-json\/wp\/v2\/product_cat?post=68782"},{"taxonomy":"product_tag","embeddable":true,"href":"https:\/\/innocentiemangonipiante.it\/de\/wp-json\/wp\/v2\/product_tag?post=68782"}],"curies":[{"name":"wp","href":"https:\/\/api.w.org\/{rel}","templated":true}]}}