{"id":68783,"date":"2026-01-07T12:34:05","date_gmt":"2026-01-07T11:34:05","guid":{"rendered":"https:\/\/innocentiemangonipiante.it\/chamaecyparis-obtusa-teddy-bear\/"},"modified":"2026-01-07T20:45:58","modified_gmt":"2026-01-07T19:45:58","slug":"chamaecyparis-obtusa-teddy-bear","status":"publish","type":"product","link":"https:\/\/innocentiemangonipiante.it\/de\/chamaecyparis-obtusa-teddy-bear\/","title":{"rendered":"CHAMAECYPARIS obtusa &#8218;Teddy Bear&#8216;"},"content":{"rendered":"<p>Langsam wachsender Nadelbaum. Dunkelgr\u00fcnes Laub. Interessant wegen seines dichten und unregelm\u00e4\u00dfigen Wuchses.<\/p>\n","protected":false},"excerpt":{"rendered":"<p>Langsam wachsender Nadelbaum. Dunkelgr\u00fcnes Laub. Interessant wegen seines dichten und unregelm\u00e4\u00dfigen Wuchses.<\/p>\n","protected":false},"featured_media":67177,"template":"","meta":{"_acf_changed":false},"product_brand":[],"product_cat":[8825],"product_tag":[10898],"class_list":{"0":"post-68783","1":"product","2":"type-product","3":"status-publish","4":"has-post-thumbnail","6":"product_cat-koniferen","7":"product_tag-naturlichen","8":"pa_altezza-massima-200-de","9":"pa_famiglia-cupressaceae-de","10":"pa_genere-chamaecyparis-de","11":"pa_inquinamento-bestaendigkeit-gegen-smog","12":"pa_origine-holland-de","13":"pa_portamento-fastigiato-de","14":"pa_resistenza-climatica-sehr-hoch","15":"pa_utilizzo-balkone","16":"pa_utilizzo-kleine-gaerten","18":"first","19":"instock","20":"purchasable","21":"product-type-simple"},"acf":[],"_links":{"self":[{"href":"https:\/\/innocentiemangonipiante.it\/de\/wp-json\/wp\/v2\/product\/68783","targetHints":{"allow":["GET"]}}],"collection":[{"href":"https:\/\/innocentiemangonipiante.it\/de\/wp-json\/wp\/v2\/product"}],"about":[{"href":"https:\/\/innocentiemangonipiante.it\/de\/wp-json\/wp\/v2\/types\/product"}],"wp:featuredmedia":[{"embeddable":true,"href":"https:\/\/innocentiemangonipiante.it\/de\/wp-json\/wp\/v2\/media\/67177"}],"wp:attachment":[{"href":"https:\/\/innocentiemangonipiante.it\/de\/wp-json\/wp\/v2\/media?parent=68783"}],"wp:term":[{"taxonomy":"product_brand","embeddable":true,"href":"https:\/\/innocentiemangonipiante.it\/de\/wp-json\/wp\/v2\/product_brand?post=68783"},{"taxonomy":"product_cat","embeddable":true,"href":"https:\/\/innocentiemangonipiante.it\/de\/wp-json\/wp\/v2\/product_cat?post=68783"},{"taxonomy":"product_tag","embeddable":true,"href":"https:\/\/innocentiemangonipiante.it\/de\/wp-json\/wp\/v2\/product_tag?post=68783"}],"curies":[{"name":"wp","href":"https:\/\/api.w.org\/{rel}","templated":true}]}}