{"id":68784,"date":"2026-01-07T12:55:26","date_gmt":"2026-01-07T11:55:26","guid":{"rendered":"https:\/\/innocentiemangonipiante.it\/choisya-ternata-greenfingers\/"},"modified":"2026-01-07T20:46:01","modified_gmt":"2026-01-07T19:46:01","slug":"choisya-ternata-greenfingers","status":"publish","type":"product","link":"https:\/\/innocentiemangonipiante.it\/de\/choisya-ternata-greenfingers\/","title":{"rendered":"CHOISYA ternata &#8218;Greenfingers&#8216; \u00ae"},"content":{"rendered":"<p>Immergr\u00fcner Strauch mit gl\u00e4nzendem, aromatischem Laub und rundlicher Form. Wei\u00dfe Bl\u00fcten im sp\u00e4ten Fr\u00fchling und Sommer. Krankheitsresistente Selektion.<\/p>\n","protected":false},"excerpt":{"rendered":"<p>Immergr\u00fcner Strauch mit gl\u00e4nzendem, aromatischem Laub und rundlicher Form. Wei\u00dfe Bl\u00fcten im sp\u00e4ten Fr\u00fchling und Sommer. Krankheitsresistente Selektion.<\/p>\n","protected":false},"featured_media":67198,"template":"","meta":{"_acf_changed":false},"product_brand":[],"product_cat":[8816],"product_tag":[10898],"class_list":{"0":"post-68784","1":"product","2":"type-product","3":"status-publish","4":"has-post-thumbnail","6":"product_cat-hartnaeckige-baeume-und-straeucher","7":"product_tag-naturlichen","8":"pa_altezza-massima-100-de","9":"pa_altezza-massima-200-de","10":"pa_colore-fioritura-weis","11":"pa_famiglia-rutaceae-de","12":"pa_genere-choisya-de","13":"pa_origine-belgium-de","14":"pa_periodo-fioritura-april-de","15":"pa_periodo-fioritura-juni","16":"pa_periodo-fioritura-mai-de","17":"pa_portamento-arrotondato-de","18":"pa_profumo-zart","19":"pa_resistenza-climatica-mittel-hoch","20":"pa_utilizzo-bordueren","21":"pa_utilizzo-hecken","23":"first","24":"instock","25":"purchasable","26":"product-type-simple"},"acf":[],"_links":{"self":[{"href":"https:\/\/innocentiemangonipiante.it\/de\/wp-json\/wp\/v2\/product\/68784","targetHints":{"allow":["GET"]}}],"collection":[{"href":"https:\/\/innocentiemangonipiante.it\/de\/wp-json\/wp\/v2\/product"}],"about":[{"href":"https:\/\/innocentiemangonipiante.it\/de\/wp-json\/wp\/v2\/types\/product"}],"wp:featuredmedia":[{"embeddable":true,"href":"https:\/\/innocentiemangonipiante.it\/de\/wp-json\/wp\/v2\/media\/67198"}],"wp:attachment":[{"href":"https:\/\/innocentiemangonipiante.it\/de\/wp-json\/wp\/v2\/media?parent=68784"}],"wp:term":[{"taxonomy":"product_brand","embeddable":true,"href":"https:\/\/innocentiemangonipiante.it\/de\/wp-json\/wp\/v2\/product_brand?post=68784"},{"taxonomy":"product_cat","embeddable":true,"href":"https:\/\/innocentiemangonipiante.it\/de\/wp-json\/wp\/v2\/product_cat?post=68784"},{"taxonomy":"product_tag","embeddable":true,"href":"https:\/\/innocentiemangonipiante.it\/de\/wp-json\/wp\/v2\/product_tag?post=68784"}],"curies":[{"name":"wp","href":"https:\/\/api.w.org\/{rel}","templated":true}]}}