{"id":68785,"date":"2026-01-07T13:00:53","date_gmt":"2026-01-07T12:00:53","guid":{"rendered":"https:\/\/innocentiemangonipiante.it\/cyathea-cooperii\/"},"modified":"2026-01-07T20:46:06","modified_gmt":"2026-01-07T19:46:06","slug":"cyathea-cooperii","status":"publish","type":"product","link":"https:\/\/innocentiemangonipiante.it\/de\/cyathea-cooperii\/","title":{"rendered":"CYATHEA cooperii"},"content":{"rendered":"<p>Baumfarn, der eine H\u00f6he von sechs Metern erreicht. Sch\u00f6nes, \u00fcppiges Laub mit schwarzen Stielen.<\/p>\n","protected":false},"excerpt":{"rendered":"<p>Baumfarn, der eine H\u00f6he von sechs Metern erreicht. Sch\u00f6nes, \u00fcppiges Laub mit schwarzen Stielen.<\/p>\n","protected":false},"featured_media":67290,"template":"","meta":{"_acf_changed":false},"product_brand":[],"product_cat":[8318],"product_tag":[10898],"class_list":{"0":"post-68785","1":"product","2":"type-product","3":"status-publish","4":"has-post-thumbnail","6":"product_cat-keine-kategorie","7":"product_tag-naturlichen","8":"pa_altezza-massima-600-de","9":"pa_famiglia-cyatheaceae","10":"pa_genere-cyathea","11":"pa_origine-neuseeland-de","12":"pa_portamento-eretto-de","13":"pa_resistenza-climatica-pflanzen-mit-geringem-klimawiderstand","14":"pa_utilizzo-im-innen","15":"pa_utilizzo-kleine-gaerten","16":"pa_utilizzo-parks-de","18":"first","19":"instock","20":"purchasable","21":"product-type-simple"},"acf":[],"_links":{"self":[{"href":"https:\/\/innocentiemangonipiante.it\/de\/wp-json\/wp\/v2\/product\/68785","targetHints":{"allow":["GET"]}}],"collection":[{"href":"https:\/\/innocentiemangonipiante.it\/de\/wp-json\/wp\/v2\/product"}],"about":[{"href":"https:\/\/innocentiemangonipiante.it\/de\/wp-json\/wp\/v2\/types\/product"}],"wp:featuredmedia":[{"embeddable":true,"href":"https:\/\/innocentiemangonipiante.it\/de\/wp-json\/wp\/v2\/media\/67290"}],"wp:attachment":[{"href":"https:\/\/innocentiemangonipiante.it\/de\/wp-json\/wp\/v2\/media?parent=68785"}],"wp:term":[{"taxonomy":"product_brand","embeddable":true,"href":"https:\/\/innocentiemangonipiante.it\/de\/wp-json\/wp\/v2\/product_brand?post=68785"},{"taxonomy":"product_cat","embeddable":true,"href":"https:\/\/innocentiemangonipiante.it\/de\/wp-json\/wp\/v2\/product_cat?post=68785"},{"taxonomy":"product_tag","embeddable":true,"href":"https:\/\/innocentiemangonipiante.it\/de\/wp-json\/wp\/v2\/product_tag?post=68785"}],"curies":[{"name":"wp","href":"https:\/\/api.w.org\/{rel}","templated":true}]}}