{"id":68786,"date":"2026-01-07T13:01:13","date_gmt":"2026-01-07T12:01:13","guid":{"rendered":"https:\/\/innocentiemangonipiante.it\/deutzia-yuki-cherry-blossom\/"},"modified":"2026-01-07T20:46:09","modified_gmt":"2026-01-07T19:46:09","slug":"deutzia-yuki-cherry-blossom","status":"publish","type":"product","link":"https:\/\/innocentiemangonipiante.it\/de\/deutzia-yuki-cherry-blossom\/","title":{"rendered":"DEUTZIA &#8218;Yuki Cherry Blossom&#8216; \u00ae"},"content":{"rendered":"<p>Kleiner, laubabwerfender Strauch mit kompaktem Wuchs. Dunkelgr\u00fcne Bl\u00e4tter, die im Herbst eine bronzepurpurfarbene T\u00f6nung annehmen. Reiche Bl\u00fcte im Fr\u00fchling mit hellrosa Bl\u00fcten, wei\u00df gerandet.<\/p>\n","protected":false},"excerpt":{"rendered":"<p>Kleiner, laubabwerfender Strauch mit kompaktem Wuchs. Dunkelgr\u00fcne Bl\u00e4tter, die im Herbst eine bronzepurpurfarbene T\u00f6nung annehmen. Reiche Bl\u00fcte im Fr\u00fchling mit hellrosa Bl\u00fcten, wei\u00df gerandet.<\/p>\n","protected":false},"featured_media":67306,"template":"","meta":{"_acf_changed":false},"product_brand":[],"product_cat":[8813],"product_tag":[10898],"class_list":{"0":"post-68786","1":"product","2":"type-product","3":"status-publish","4":"has-post-thumbnail","6":"product_cat-laubbaume-und-straucher","7":"product_tag-naturlichen","8":"pa_altezza-massima-0_50-meter","9":"pa_altezza-massima-0_60-meter","10":"pa_colore-fioritura-rose-de","11":"pa_famiglia-hydrageaceae","12":"pa_genere-deutzia-de","13":"pa_inquinamento-bestaendigkeit-gegen-smog","14":"pa_origine-u-s-a","15":"pa_periodo-fioritura-juni","16":"pa_periodo-fioritura-mai-de","17":"pa_portamento-eretto-de","18":"pa_resistenza-climatica-sehr-hoch","19":"pa_utilizzo-bordueren","20":"pa_utilizzo-kleine-gaerten","22":"first","23":"instock","24":"purchasable","25":"product-type-simple"},"acf":[],"_links":{"self":[{"href":"https:\/\/innocentiemangonipiante.it\/de\/wp-json\/wp\/v2\/product\/68786","targetHints":{"allow":["GET"]}}],"collection":[{"href":"https:\/\/innocentiemangonipiante.it\/de\/wp-json\/wp\/v2\/product"}],"about":[{"href":"https:\/\/innocentiemangonipiante.it\/de\/wp-json\/wp\/v2\/types\/product"}],"wp:featuredmedia":[{"embeddable":true,"href":"https:\/\/innocentiemangonipiante.it\/de\/wp-json\/wp\/v2\/media\/67306"}],"wp:attachment":[{"href":"https:\/\/innocentiemangonipiante.it\/de\/wp-json\/wp\/v2\/media?parent=68786"}],"wp:term":[{"taxonomy":"product_brand","embeddable":true,"href":"https:\/\/innocentiemangonipiante.it\/de\/wp-json\/wp\/v2\/product_brand?post=68786"},{"taxonomy":"product_cat","embeddable":true,"href":"https:\/\/innocentiemangonipiante.it\/de\/wp-json\/wp\/v2\/product_cat?post=68786"},{"taxonomy":"product_tag","embeddable":true,"href":"https:\/\/innocentiemangonipiante.it\/de\/wp-json\/wp\/v2\/product_tag?post=68786"}],"curies":[{"name":"wp","href":"https:\/\/api.w.org\/{rel}","templated":true}]}}