{"id":68787,"date":"2026-01-07T13:01:32","date_gmt":"2026-01-07T12:01:32","guid":{"rendered":"https:\/\/innocentiemangonipiante.it\/deutzia-yuki-snowflake\/"},"modified":"2026-01-07T20:46:12","modified_gmt":"2026-01-07T19:46:12","slug":"deutzia-yuki-snowflake","status":"publish","type":"product","link":"https:\/\/innocentiemangonipiante.it\/de\/deutzia-yuki-snowflake\/","title":{"rendered":"DEUTZIA &#8218;Yuki Snowflake&#8216; \u00ae"},"content":{"rendered":"<p>Kleiner, laubabwerfender Strauch mit kompaktem Wuchs. Dunkelgr\u00fcnes Laub, das sich im Herbst bronzepurpur f\u00e4rbt. Dieser Strauch wird wegen seiner reichen Bl\u00fcte kleiner schneewei\u00dfer Bl\u00fcten kultiviert.<\/p>\n","protected":false},"excerpt":{"rendered":"<p>Kleiner, laubabwerfender Strauch mit kompaktem Wuchs. Dunkelgr\u00fcnes Laub, das sich im Herbst bronzepurpur f\u00e4rbt. Dieser Strauch wird wegen seiner reichen Bl\u00fcte kleiner schneewei\u00dfer Bl\u00fcten kultiviert.<\/p>\n","protected":false},"featured_media":67312,"template":"","meta":{"_acf_changed":false},"product_brand":[],"product_cat":[8813],"product_tag":[10898],"class_list":{"0":"post-68787","1":"product","2":"type-product","3":"status-publish","4":"has-post-thumbnail","6":"product_cat-laubbaume-und-straucher","7":"product_tag-naturlichen","8":"pa_altezza-massima-0_30-meter","9":"pa_altezza-massima-0_60-meter","10":"pa_colore-fioritura-weis","11":"pa_famiglia-hydrangeaceae-de-2","12":"pa_genere-deutzia-de","13":"pa_inquinamento-bestaendigkeit-gegen-smog","14":"pa_origine-u-s-a","15":"pa_periodo-fioritura-april-de","16":"pa_periodo-fioritura-mai-de","17":"pa_portamento-eretto-de","18":"pa_resistenza-climatica-sehr-hoch","19":"pa_utilizzo-bordueren","20":"pa_utilizzo-kleine-gaerten","22":"first","23":"instock","24":"purchasable","25":"product-type-simple"},"acf":[],"_links":{"self":[{"href":"https:\/\/innocentiemangonipiante.it\/de\/wp-json\/wp\/v2\/product\/68787","targetHints":{"allow":["GET"]}}],"collection":[{"href":"https:\/\/innocentiemangonipiante.it\/de\/wp-json\/wp\/v2\/product"}],"about":[{"href":"https:\/\/innocentiemangonipiante.it\/de\/wp-json\/wp\/v2\/types\/product"}],"wp:featuredmedia":[{"embeddable":true,"href":"https:\/\/innocentiemangonipiante.it\/de\/wp-json\/wp\/v2\/media\/67312"}],"wp:attachment":[{"href":"https:\/\/innocentiemangonipiante.it\/de\/wp-json\/wp\/v2\/media?parent=68787"}],"wp:term":[{"taxonomy":"product_brand","embeddable":true,"href":"https:\/\/innocentiemangonipiante.it\/de\/wp-json\/wp\/v2\/product_brand?post=68787"},{"taxonomy":"product_cat","embeddable":true,"href":"https:\/\/innocentiemangonipiante.it\/de\/wp-json\/wp\/v2\/product_cat?post=68787"},{"taxonomy":"product_tag","embeddable":true,"href":"https:\/\/innocentiemangonipiante.it\/de\/wp-json\/wp\/v2\/product_tag?post=68787"}],"curies":[{"name":"wp","href":"https:\/\/api.w.org\/{rel}","templated":true}]}}