{"id":68788,"date":"2026-01-07T13:01:53","date_gmt":"2026-01-07T12:01:53","guid":{"rendered":"https:\/\/innocentiemangonipiante.it\/dianella-revoluta-coolvista\/"},"modified":"2026-01-07T20:46:15","modified_gmt":"2026-01-07T19:46:15","slug":"dianella-revoluta-coolvista","status":"publish","type":"product","link":"https:\/\/innocentiemangonipiante.it\/de\/dianella-revoluta-coolvista\/","title":{"rendered":"DIANELLA revoluta &#8218;Coolvista&#8216; \u00ae"},"content":{"rendered":"<p>Mehrj\u00e4hrige Pflanze, die Kolonien mit bl\u00e4ulichem Laub bildet. Im Fr\u00fchling erscheinen blaue Bl\u00fcten an hohen Stielen in B\u00fcscheln, gefolgt von blauen Beeren. Frosthart bis -15 \u00b0C. Geeignet f\u00fcr alle Standorte.<\/p>\n","protected":false},"excerpt":{"rendered":"<p>Mehrj\u00e4hrige Pflanze, die Kolonien mit bl\u00e4ulichem Laub bildet. Im Fr\u00fchling erscheinen blaue Bl\u00fcten an hohen Stielen in B\u00fcscheln, gefolgt von blauen Beeren. Frosthart bis -15 \u00b0C. Geeignet f\u00fcr alle Standorte.<\/p>\n","protected":false},"featured_media":67318,"template":"","meta":{"_acf_changed":false},"product_brand":[],"product_cat":[8318],"product_tag":[10898],"class_list":{"0":"post-68788","1":"product","2":"type-product","3":"status-publish","4":"has-post-thumbnail","6":"product_cat-keine-kategorie","7":"product_tag-naturlichen","8":"pa_altezza-massima-0_60-meter","9":"pa_altezza-massima-0_90-meter","10":"pa_colore-delle-foglie-blau","11":"pa_colore-fioritura-blau","12":"pa_famiglia-liliaceae-de","13":"pa_genere-dianella","14":"pa_origine-u-s-a","15":"pa_periodo-fioritura-april-de","16":"pa_periodo-fioritura-mai-de","17":"pa_portamento-eretto-de","18":"pa_resistenza-climatica-sehr-hoch","19":"pa_utilizzo-bordueren","20":"pa_utilizzo-kleine-gaerten","22":"first","23":"instock","24":"purchasable","25":"product-type-simple"},"acf":[],"_links":{"self":[{"href":"https:\/\/innocentiemangonipiante.it\/de\/wp-json\/wp\/v2\/product\/68788","targetHints":{"allow":["GET"]}}],"collection":[{"href":"https:\/\/innocentiemangonipiante.it\/de\/wp-json\/wp\/v2\/product"}],"about":[{"href":"https:\/\/innocentiemangonipiante.it\/de\/wp-json\/wp\/v2\/types\/product"}],"wp:featuredmedia":[{"embeddable":true,"href":"https:\/\/innocentiemangonipiante.it\/de\/wp-json\/wp\/v2\/media\/67318"}],"wp:attachment":[{"href":"https:\/\/innocentiemangonipiante.it\/de\/wp-json\/wp\/v2\/media?parent=68788"}],"wp:term":[{"taxonomy":"product_brand","embeddable":true,"href":"https:\/\/innocentiemangonipiante.it\/de\/wp-json\/wp\/v2\/product_brand?post=68788"},{"taxonomy":"product_cat","embeddable":true,"href":"https:\/\/innocentiemangonipiante.it\/de\/wp-json\/wp\/v2\/product_cat?post=68788"},{"taxonomy":"product_tag","embeddable":true,"href":"https:\/\/innocentiemangonipiante.it\/de\/wp-json\/wp\/v2\/product_tag?post=68788"}],"curies":[{"name":"wp","href":"https:\/\/api.w.org\/{rel}","templated":true}]}}