{"id":68789,"date":"2026-01-07T13:03:19","date_gmt":"2026-01-07T12:03:19","guid":{"rendered":"https:\/\/innocentiemangonipiante.it\/dianella-silver-fox\/"},"modified":"2026-01-07T20:46:19","modified_gmt":"2026-01-07T19:46:19","slug":"dianella-silver-fox","status":"publish","type":"product","link":"https:\/\/innocentiemangonipiante.it\/de\/dianella-silver-fox\/","title":{"rendered":"DIANELLA &#8218;Silver Fox&#8216; \u00ae"},"content":{"rendered":"<p>Eine dichte und kompakte Sorte mit d\u00fcnnen blaugr\u00fcnen Bl\u00e4ttern, die wei\u00df umrandet sind. Diese immergr\u00fcne Staude bietet zudem eine wundersch\u00f6ne blaue Sommerbl\u00fcte, gefolgt von violetten Beeren. Langsam wachsend.<\/p>\n","protected":false},"excerpt":{"rendered":"<p>Eine dichte und kompakte Sorte mit d\u00fcnnen blaugr\u00fcnen Bl\u00e4ttern, die wei\u00df umrandet sind. Diese immergr\u00fcne Staude bietet zudem eine wundersch\u00f6ne blaue Sommerbl\u00fcte, gefolgt von violetten Beeren. Langsam wachsend.<\/p>\n","protected":false},"featured_media":67349,"template":"","meta":{"_acf_changed":false},"product_brand":[],"product_cat":[8318],"product_tag":[10898],"class_list":{"0":"post-68789","1":"product","2":"type-product","3":"status-publish","4":"has-post-thumbnail","6":"product_cat-keine-kategorie","7":"product_tag-naturlichen","8":"pa_altezza-massima-0_40-meter","9":"pa_altezza-massima-0_50-meter","10":"pa_colore-delle-foglie-vielfaeltigen","11":"pa_colore-fioritura-blau","12":"pa_famiglia-liliaceae-de","13":"pa_genere-dianella","14":"pa_origine-australien","15":"pa_periodo-fioritura-august-de","16":"pa_periodo-fioritura-juli","17":"pa_periodo-fioritura-juni","18":"pa_portamento-arcuato-de","19":"pa_resistenza-climatica-mittel-hoch","20":"pa_utilizzo-balkone","21":"pa_utilizzo-bordueren","22":"pa_utilizzo-kleine-gaerten","24":"first","25":"instock","26":"purchasable","27":"product-type-simple"},"acf":[],"_links":{"self":[{"href":"https:\/\/innocentiemangonipiante.it\/de\/wp-json\/wp\/v2\/product\/68789","targetHints":{"allow":["GET"]}}],"collection":[{"href":"https:\/\/innocentiemangonipiante.it\/de\/wp-json\/wp\/v2\/product"}],"about":[{"href":"https:\/\/innocentiemangonipiante.it\/de\/wp-json\/wp\/v2\/types\/product"}],"wp:featuredmedia":[{"embeddable":true,"href":"https:\/\/innocentiemangonipiante.it\/de\/wp-json\/wp\/v2\/media\/67349"}],"wp:attachment":[{"href":"https:\/\/innocentiemangonipiante.it\/de\/wp-json\/wp\/v2\/media?parent=68789"}],"wp:term":[{"taxonomy":"product_brand","embeddable":true,"href":"https:\/\/innocentiemangonipiante.it\/de\/wp-json\/wp\/v2\/product_brand?post=68789"},{"taxonomy":"product_cat","embeddable":true,"href":"https:\/\/innocentiemangonipiante.it\/de\/wp-json\/wp\/v2\/product_cat?post=68789"},{"taxonomy":"product_tag","embeddable":true,"href":"https:\/\/innocentiemangonipiante.it\/de\/wp-json\/wp\/v2\/product_tag?post=68789"}],"curies":[{"name":"wp","href":"https:\/\/api.w.org\/{rel}","templated":true}]}}