{"id":68790,"date":"2026-01-07T13:03:37","date_gmt":"2026-01-07T12:03:37","guid":{"rendered":"https:\/\/innocentiemangonipiante.it\/distylium-blu-cascade\/"},"modified":"2026-01-07T20:46:22","modified_gmt":"2026-01-07T19:46:22","slug":"distylium-blu-cascade","status":"publish","type":"product","link":"https:\/\/innocentiemangonipiante.it\/de\/distylium-blu-cascade\/","title":{"rendered":"DISTYLIUM &#8218;Blu cascade&#8216;"},"content":{"rendered":"<p>Kompakter, immergr\u00fcner Strauch. Die Bl\u00e4tter sind blaugr\u00fcn mit neuen bronzefarbenen Trieben. Die r\u00f6tlich-braunen Bl\u00fcten erscheinen im fr\u00fchen Fr\u00fchling. Pflanzen Sie Blue Cascade an einem sonnigen Standort in gut durchl\u00e4ssigem Boden.<\/p>\n","protected":false},"excerpt":{"rendered":"<p>Kompakter, immergr\u00fcner Strauch. Die Bl\u00e4tter sind blaugr\u00fcn mit neuen bronzefarbenen Trieben. Die r\u00f6tlich-braunen Bl\u00fcten erscheinen im fr\u00fchen Fr\u00fchling. Pflanzen Sie Blue Cascade an einem sonnigen Standort in gut durchl\u00e4ssigem Boden.<\/p>\n","protected":false},"featured_media":67355,"template":"","meta":{"_acf_changed":false},"product_brand":[],"product_cat":[8816],"product_tag":[10898],"class_list":{"0":"post-68790","1":"product","2":"type-product","3":"status-publish","4":"has-post-thumbnail","6":"product_cat-hartnaeckige-baeume-und-straeucher","7":"product_tag-naturlichen","8":"pa_altezza-massima-0_75-meter","9":"pa_colore-delle-foglie-blau","10":"pa_colore-fioritura-rot","11":"pa_famiglia-hamamelidiaceae","12":"pa_genere-distylium-de","13":"pa_origine-u-s-a","14":"pa_periodo-fioritura-april-de","15":"pa_periodo-fioritura-maerz","16":"pa_portamento-arrotondato-de","17":"pa_resistenza-climatica-sehr-hoch","18":"pa_utilizzo-bordueren","19":"pa_utilizzo-kleine-gaerten","21":"first","22":"instock","23":"purchasable","24":"product-type-simple"},"acf":[],"_links":{"self":[{"href":"https:\/\/innocentiemangonipiante.it\/de\/wp-json\/wp\/v2\/product\/68790","targetHints":{"allow":["GET"]}}],"collection":[{"href":"https:\/\/innocentiemangonipiante.it\/de\/wp-json\/wp\/v2\/product"}],"about":[{"href":"https:\/\/innocentiemangonipiante.it\/de\/wp-json\/wp\/v2\/types\/product"}],"wp:featuredmedia":[{"embeddable":true,"href":"https:\/\/innocentiemangonipiante.it\/de\/wp-json\/wp\/v2\/media\/67355"}],"wp:attachment":[{"href":"https:\/\/innocentiemangonipiante.it\/de\/wp-json\/wp\/v2\/media?parent=68790"}],"wp:term":[{"taxonomy":"product_brand","embeddable":true,"href":"https:\/\/innocentiemangonipiante.it\/de\/wp-json\/wp\/v2\/product_brand?post=68790"},{"taxonomy":"product_cat","embeddable":true,"href":"https:\/\/innocentiemangonipiante.it\/de\/wp-json\/wp\/v2\/product_cat?post=68790"},{"taxonomy":"product_tag","embeddable":true,"href":"https:\/\/innocentiemangonipiante.it\/de\/wp-json\/wp\/v2\/product_tag?post=68790"}],"curies":[{"name":"wp","href":"https:\/\/api.w.org\/{rel}","templated":true}]}}