{"id":68791,"date":"2026-01-07T13:06:01","date_gmt":"2026-01-07T12:06:01","guid":{"rendered":"https:\/\/innocentiemangonipiante.it\/eucalyptus-citriodora\/"},"modified":"2026-01-07T20:46:25","modified_gmt":"2026-01-07T19:46:25","slug":"eucalyptus-citriodora","status":"publish","type":"product","link":"https:\/\/innocentiemangonipiante.it\/de\/eucalyptus-citriodora\/","title":{"rendered":"EUCALYPTUS citriodora"},"content":{"rendered":"<p>Ein immergr\u00fcner Baum oder Strauch mit l\u00e4nglichen, filzigen, graugr\u00fcnen Bl\u00e4ttern, die intensiv nach Zitrone duften. Er bevorzugt volle Sonneneinstrahlung und gut durchl\u00e4ssigen, frischen Boden jeglicher Art. Die in den Bl\u00e4ttern enthaltenen \u00e4therischen \u00d6le werden in der Kr\u00e4uterkunde und Parf\u00fcmerie weit verbreitet verwendet und sind ein ausgezeichnetes Mittel zur M\u00fcckenabwehr.<\/p>\n","protected":false},"excerpt":{"rendered":"<p>Ein immergr\u00fcner Baum oder Strauch mit l\u00e4nglichen, filzigen, graugr\u00fcnen Bl\u00e4ttern, die intensiv nach Zitrone duften. Er bevorzugt volle Sonneneinstrahlung und gut durchl\u00e4ssigen, frischen Boden jeglicher Art. Die in den Bl\u00e4ttern enthaltenen \u00e4therischen \u00d6le werden in der Kr\u00e4uterkunde und Parf\u00fcmerie weit verbreitet verwendet und sind ein ausgezeichnetes Mittel zur M\u00fcckenabwehr.<\/p>\n","protected":false},"featured_media":67386,"template":"","meta":{"_acf_changed":false},"product_brand":[],"product_cat":[8816],"product_tag":[10898],"class_list":{"0":"post-68791","1":"product","2":"type-product","3":"status-publish","4":"has-post-thumbnail","6":"product_cat-hartnaeckige-baeume-und-straeucher","7":"product_tag-naturlichen","8":"pa_altezza-massima-1000-de-2","9":"pa_altezza-massima-15-meter","10":"pa_colore-delle-foglie-grauen","11":"pa_colore-fioritura-weis","12":"pa_famiglia-myrtaceae-de","13":"pa_genere-eucalyptus-de","14":"pa_origine-australien","15":"pa_periodo-fioritura-dezember","16":"pa_periodo-fioritura-november-de","17":"pa_portamento-allargato-de","18":"pa_resistenza-climatica-pflanzen-mit-geringem-klimawiderstand","19":"pa_salinita-bestaendigkeit-in-meeresluft","20":"pa_utilizzo-parks-de","22":"first","23":"instock","24":"purchasable","25":"product-type-simple"},"acf":[],"_links":{"self":[{"href":"https:\/\/innocentiemangonipiante.it\/de\/wp-json\/wp\/v2\/product\/68791","targetHints":{"allow":["GET"]}}],"collection":[{"href":"https:\/\/innocentiemangonipiante.it\/de\/wp-json\/wp\/v2\/product"}],"about":[{"href":"https:\/\/innocentiemangonipiante.it\/de\/wp-json\/wp\/v2\/types\/product"}],"wp:featuredmedia":[{"embeddable":true,"href":"https:\/\/innocentiemangonipiante.it\/de\/wp-json\/wp\/v2\/media\/67386"}],"wp:attachment":[{"href":"https:\/\/innocentiemangonipiante.it\/de\/wp-json\/wp\/v2\/media?parent=68791"}],"wp:term":[{"taxonomy":"product_brand","embeddable":true,"href":"https:\/\/innocentiemangonipiante.it\/de\/wp-json\/wp\/v2\/product_brand?post=68791"},{"taxonomy":"product_cat","embeddable":true,"href":"https:\/\/innocentiemangonipiante.it\/de\/wp-json\/wp\/v2\/product_cat?post=68791"},{"taxonomy":"product_tag","embeddable":true,"href":"https:\/\/innocentiemangonipiante.it\/de\/wp-json\/wp\/v2\/product_tag?post=68791"}],"curies":[{"name":"wp","href":"https:\/\/api.w.org\/{rel}","templated":true}]}}