{"id":68792,"date":"2026-01-07T13:06:29","date_gmt":"2026-01-07T12:06:29","guid":{"rendered":"https:\/\/innocentiemangonipiante.it\/ficus-carica-gustis-ficcolino\/"},"modified":"2026-01-07T20:46:28","modified_gmt":"2026-01-07T19:46:28","slug":"ficus-carica-gustis-ficcolino","status":"publish","type":"product","link":"https:\/\/innocentiemangonipiante.it\/de\/ficus-carica-gustis-ficcolino\/","title":{"rendered":"FICUS CARICA &#8218;Gustis Ficcolino&#8216; \u00ae"},"content":{"rendered":"<p>Zwergsorte. Kompakt, fruchtet im Juni und September am \u00e4lteren Holz. Gelb-gr\u00fcne Fr\u00fcchte mit rosa Fruchtfleisch. Interessant wegen des geringen Wuchses und der Frostresistenz.<\/p>\n","protected":false},"excerpt":{"rendered":"<p>Zwergsorte. Kompakt, fruchtet im Juni und September am \u00e4lteren Holz. Gelb-gr\u00fcne Fr\u00fcchte mit rosa Fruchtfleisch. Interessant wegen des geringen Wuchses und der Frostresistenz.<\/p>\n","protected":false},"featured_media":67407,"template":"","meta":{"_acf_changed":false},"product_brand":[],"product_cat":[8809],"product_tag":[10898],"class_list":{"0":"post-68792","1":"product","2":"type-product","3":"status-publish","4":"has-post-thumbnail","6":"product_cat-obst-baeume","7":"product_tag-naturlichen","8":"pa_altezza-massima-100-de","9":"pa_altezza-massima-200-de","10":"pa_famiglia-moraceae-de","11":"pa_genere-ficus-carica-de","12":"pa_origine-swiss","13":"pa_periodo-fruttificazione-juni","14":"pa_periodo-fruttificazione-september-de","15":"pa_portamento-arrotondato-de","16":"pa_resistenza-climatica-mittel-hoch","17":"pa_utilizzo-kleine-gaerten","18":"pa_utilizzo-parks-de","20":"first","21":"instock","22":"purchasable","23":"product-type-simple"},"acf":[],"_links":{"self":[{"href":"https:\/\/innocentiemangonipiante.it\/de\/wp-json\/wp\/v2\/product\/68792","targetHints":{"allow":["GET"]}}],"collection":[{"href":"https:\/\/innocentiemangonipiante.it\/de\/wp-json\/wp\/v2\/product"}],"about":[{"href":"https:\/\/innocentiemangonipiante.it\/de\/wp-json\/wp\/v2\/types\/product"}],"wp:featuredmedia":[{"embeddable":true,"href":"https:\/\/innocentiemangonipiante.it\/de\/wp-json\/wp\/v2\/media\/67407"}],"wp:attachment":[{"href":"https:\/\/innocentiemangonipiante.it\/de\/wp-json\/wp\/v2\/media?parent=68792"}],"wp:term":[{"taxonomy":"product_brand","embeddable":true,"href":"https:\/\/innocentiemangonipiante.it\/de\/wp-json\/wp\/v2\/product_brand?post=68792"},{"taxonomy":"product_cat","embeddable":true,"href":"https:\/\/innocentiemangonipiante.it\/de\/wp-json\/wp\/v2\/product_cat?post=68792"},{"taxonomy":"product_tag","embeddable":true,"href":"https:\/\/innocentiemangonipiante.it\/de\/wp-json\/wp\/v2\/product_tag?post=68792"}],"curies":[{"name":"wp","href":"https:\/\/api.w.org\/{rel}","templated":true}]}}