{"id":68793,"date":"2026-01-07T14:16:35","date_gmt":"2026-01-07T13:16:35","guid":{"rendered":"https:\/\/innocentiemangonipiante.it\/hydrangea-paniculata-groundbreaker-blush\/"},"modified":"2026-01-07T20:46:31","modified_gmt":"2026-01-07T19:46:31","slug":"hydrangea-paniculata-groundbreaker-blush","status":"publish","type":"product","link":"https:\/\/innocentiemangonipiante.it\/de\/hydrangea-paniculata-groundbreaker-blush\/","title":{"rendered":"HYDRANGEA paniculata &#8218;Groundbreaker \u00ae Blush&#8216;"},"content":{"rendered":"<p>Sch\u00f6ne Auswahl an Hortensien f\u00fcr die Gartengestaltung. Breitwachsende Sorte, auch f\u00fcr den Anbau im Topf geeignet. Bl\u00fcht von Juli bis November mit gro\u00dfen wei\u00dfen und rosa Bl\u00fctenst\u00e4nden, die gleichzeitig wei\u00df und rosa erscheinen. K\u00e4lte- und frostbest\u00e4ndig.<\/p>\n","protected":false},"excerpt":{"rendered":"<p>Sch\u00f6ne Auswahl an Hortensien f\u00fcr die Gartengestaltung. Breitwachsende Sorte, auch f\u00fcr den Anbau im Topf geeignet. Bl\u00fcht von Juli bis November mit gro\u00dfen wei\u00dfen und rosa Bl\u00fctenst\u00e4nden, die gleichzeitig wei\u00df und rosa erscheinen. K\u00e4lte- und frostbest\u00e4ndig.<\/p>\n","protected":false},"featured_media":67428,"template":"","meta":{"_acf_changed":false},"product_brand":[],"product_cat":[8813],"product_tag":[10898],"class_list":{"0":"post-68793","1":"product","2":"type-product","3":"status-publish","4":"has-post-thumbnail","6":"product_cat-laubbaume-und-straucher","7":"product_tag-naturlichen","8":"pa_altezza-massima-0_30-meter","9":"pa_altezza-massima-0_50-meter","10":"pa_colore-fioritura-rose-de","11":"pa_famiglia-hydrangeaceae-de-2","12":"pa_genere-hydrangea-de","13":"pa_origine-holland-de","14":"pa_periodo-fioritura-august-de","15":"pa_periodo-fioritura-dezember","16":"pa_periodo-fioritura-juli","17":"pa_periodo-fioritura-juni","18":"pa_periodo-fioritura-november-de","19":"pa_periodo-fioritura-oktober","20":"pa_periodo-fioritura-september-de","21":"pa_portamento-allargato-de","22":"pa_resistenza-climatica-mittel-hoch","23":"pa_salinita-bestaendigkeit-in-meeresluft","24":"pa_utilizzo-balkone","25":"pa_utilizzo-bordueren","26":"pa_utilizzo-kleine-gaerten","27":"pa_utilizzo-parks-de","29":"first","30":"instock","31":"purchasable","32":"product-type-simple"},"acf":[],"_links":{"self":[{"href":"https:\/\/innocentiemangonipiante.it\/de\/wp-json\/wp\/v2\/product\/68793","targetHints":{"allow":["GET"]}}],"collection":[{"href":"https:\/\/innocentiemangonipiante.it\/de\/wp-json\/wp\/v2\/product"}],"about":[{"href":"https:\/\/innocentiemangonipiante.it\/de\/wp-json\/wp\/v2\/types\/product"}],"wp:featuredmedia":[{"embeddable":true,"href":"https:\/\/innocentiemangonipiante.it\/de\/wp-json\/wp\/v2\/media\/67428"}],"wp:attachment":[{"href":"https:\/\/innocentiemangonipiante.it\/de\/wp-json\/wp\/v2\/media?parent=68793"}],"wp:term":[{"taxonomy":"product_brand","embeddable":true,"href":"https:\/\/innocentiemangonipiante.it\/de\/wp-json\/wp\/v2\/product_brand?post=68793"},{"taxonomy":"product_cat","embeddable":true,"href":"https:\/\/innocentiemangonipiante.it\/de\/wp-json\/wp\/v2\/product_cat?post=68793"},{"taxonomy":"product_tag","embeddable":true,"href":"https:\/\/innocentiemangonipiante.it\/de\/wp-json\/wp\/v2\/product_tag?post=68793"}],"curies":[{"name":"wp","href":"https:\/\/api.w.org\/{rel}","templated":true}]}}