{"id":68794,"date":"2026-01-07T14:18:31","date_gmt":"2026-01-07T13:18:31","guid":{"rendered":"https:\/\/innocentiemangonipiante.it\/hydrangea-quercifolia-tara\/"},"modified":"2026-01-07T20:46:38","modified_gmt":"2026-01-07T19:46:38","slug":"hydrangea-quercifolia-tara","status":"publish","type":"product","link":"https:\/\/innocentiemangonipiante.it\/de\/hydrangea-quercifolia-tara\/","title":{"rendered":"HYDRANGEA quercifolia &#8218;Tara&#8216; \u00ae"},"content":{"rendered":"<p>Eine Sorte, die sich durch ihre unglaublich dichten wei\u00dfen Bl\u00fctenrispen von Sp\u00e4tsommer bis Herbst auszeichnet. Die gr\u00fcnen Bl\u00e4tter verf\u00e4rben sich im Herbst bronzefarben und rot. Vertr\u00e4gt volle Sonne, bevorzugt jedoch Halbschatten.<\/p>\n","protected":false},"excerpt":{"rendered":"<p>Eine Sorte, die sich durch ihre unglaublich dichten wei\u00dfen Bl\u00fctenrispen von Sp\u00e4tsommer bis Herbst auszeichnet. Die gr\u00fcnen Bl\u00e4tter verf\u00e4rben sich im Herbst bronzefarben und rot. Vertr\u00e4gt volle Sonne, bevorzugt jedoch Halbschatten.<\/p>\n","protected":false},"featured_media":67524,"template":"","meta":{"_acf_changed":false},"product_brand":[],"product_cat":[8813],"product_tag":[10898],"class_list":{"0":"post-68794","1":"product","2":"type-product","3":"status-publish","4":"has-post-thumbnail","6":"product_cat-laubbaume-und-straucher","7":"product_tag-naturlichen","8":"pa_altezza-massima-13928","9":"pa_altezza-massima-1-00","10":"pa_colore-fioritura-weis","11":"pa_famiglia-hydrangeaceae-de-2","12":"pa_genere-hydrangea-de","13":"pa_origine-u-s-a","14":"pa_periodo-fioritura-november-de","15":"pa_periodo-fioritura-oktober","16":"pa_periodo-fioritura-september-de","17":"pa_portamento-allargato-de","18":"pa_resistenza-climatica-mittel-hoch","19":"pa_salinita-bestaendigkeit-in-meeresluft","20":"pa_utilizzo-kleine-gaerten","21":"pa_utilizzo-parks-de","23":"first","24":"instock","25":"purchasable","26":"product-type-simple"},"acf":[],"_links":{"self":[{"href":"https:\/\/innocentiemangonipiante.it\/de\/wp-json\/wp\/v2\/product\/68794","targetHints":{"allow":["GET"]}}],"collection":[{"href":"https:\/\/innocentiemangonipiante.it\/de\/wp-json\/wp\/v2\/product"}],"about":[{"href":"https:\/\/innocentiemangonipiante.it\/de\/wp-json\/wp\/v2\/types\/product"}],"wp:featuredmedia":[{"embeddable":true,"href":"https:\/\/innocentiemangonipiante.it\/de\/wp-json\/wp\/v2\/media\/67524"}],"wp:attachment":[{"href":"https:\/\/innocentiemangonipiante.it\/de\/wp-json\/wp\/v2\/media?parent=68794"}],"wp:term":[{"taxonomy":"product_brand","embeddable":true,"href":"https:\/\/innocentiemangonipiante.it\/de\/wp-json\/wp\/v2\/product_brand?post=68794"},{"taxonomy":"product_cat","embeddable":true,"href":"https:\/\/innocentiemangonipiante.it\/de\/wp-json\/wp\/v2\/product_cat?post=68794"},{"taxonomy":"product_tag","embeddable":true,"href":"https:\/\/innocentiemangonipiante.it\/de\/wp-json\/wp\/v2\/product_tag?post=68794"}],"curies":[{"name":"wp","href":"https:\/\/api.w.org\/{rel}","templated":true}]}}