{"id":68796,"date":"2026-01-07T14:22:49","date_gmt":"2026-01-07T13:22:49","guid":{"rendered":"https:\/\/innocentiemangonipiante.it\/ilex-paraguariensis-garden-2-cup\/"},"modified":"2026-01-07T20:46:45","modified_gmt":"2026-01-07T19:46:45","slug":"ilex-paraguariensis-garden-2-cup","status":"publish","type":"product","link":"https:\/\/innocentiemangonipiante.it\/de\/ilex-paraguariensis-garden-2-cup\/","title":{"rendered":"ILEX paraguariensis &#8218;Garden 2 Cup&#8216; \u00ae"},"content":{"rendered":"<p>Mate-Pflanze, aus der Mazeration des Laubs entsteht dieses Getr\u00e4nk. Kleiner Baum mit buschigem Wuchs, kultivierbar im Boden oder im Topf. Kleine wei\u00dfen Bl\u00fctentrauben, die sich im Herbst und Winter bilden, verwandeln sich zwischen Januar und M\u00e4rz in dunkelrote Beeren.<\/p>\n","protected":false},"excerpt":{"rendered":"<p>Mate-Pflanze, aus der Mazeration des Laubs entsteht dieses Getr\u00e4nk. Kleiner Baum mit buschigem Wuchs, kultivierbar im Boden oder im Topf. Kleine wei\u00dfen Bl\u00fctentrauben, die sich im Herbst und Winter bilden, verwandeln sich zwischen Januar und M\u00e4rz in dunkelrote Beeren.<\/p>\n","protected":false},"featured_media":67586,"template":"","meta":{"_acf_changed":false},"product_brand":[],"product_cat":[8816],"product_tag":[10898],"class_list":{"0":"post-68796","1":"product","2":"type-product","3":"status-publish","4":"has-post-thumbnail","6":"product_cat-hartnaeckige-baeume-und-straeucher","7":"product_tag-naturlichen","8":"pa_altezza-massima-100-de","9":"pa_altezza-massima-150-de","10":"pa_colore-fioritura-weis","11":"pa_famiglia-aquifoliaceae-de","12":"pa_genere-ilex-de","13":"pa_origine-sverige","14":"pa_periodo-fioritura-november-de","15":"pa_periodo-fioritura-oktober","16":"pa_periodo-fruttificazione-februar","17":"pa_periodo-fruttificazione-januar","18":"pa_periodo-fruttificazione-maerz","19":"pa_portamento-cespuglioso-de","20":"pa_resistenza-climatica-sehr-hoch","21":"pa_utilizzo-balkone","22":"pa_utilizzo-kleine-gaerten","24":"first","25":"instock","26":"purchasable","27":"product-type-simple"},"acf":[],"_links":{"self":[{"href":"https:\/\/innocentiemangonipiante.it\/de\/wp-json\/wp\/v2\/product\/68796","targetHints":{"allow":["GET"]}}],"collection":[{"href":"https:\/\/innocentiemangonipiante.it\/de\/wp-json\/wp\/v2\/product"}],"about":[{"href":"https:\/\/innocentiemangonipiante.it\/de\/wp-json\/wp\/v2\/types\/product"}],"wp:featuredmedia":[{"embeddable":true,"href":"https:\/\/innocentiemangonipiante.it\/de\/wp-json\/wp\/v2\/media\/67586"}],"wp:attachment":[{"href":"https:\/\/innocentiemangonipiante.it\/de\/wp-json\/wp\/v2\/media?parent=68796"}],"wp:term":[{"taxonomy":"product_brand","embeddable":true,"href":"https:\/\/innocentiemangonipiante.it\/de\/wp-json\/wp\/v2\/product_brand?post=68796"},{"taxonomy":"product_cat","embeddable":true,"href":"https:\/\/innocentiemangonipiante.it\/de\/wp-json\/wp\/v2\/product_cat?post=68796"},{"taxonomy":"product_tag","embeddable":true,"href":"https:\/\/innocentiemangonipiante.it\/de\/wp-json\/wp\/v2\/product_tag?post=68796"}],"curies":[{"name":"wp","href":"https:\/\/api.w.org\/{rel}","templated":true}]}}