{"id":68797,"date":"2026-01-07T14:23:12","date_gmt":"2026-01-07T13:23:12","guid":{"rendered":"https:\/\/innocentiemangonipiante.it\/kalmia-latifolia-you-can\/"},"modified":"2026-01-07T20:46:49","modified_gmt":"2026-01-07T19:46:49","slug":"kalmia-latifolia-you-can","status":"publish","type":"product","link":"https:\/\/innocentiemangonipiante.it\/de\/kalmia-latifolia-you-can\/","title":{"rendered":"KALMIA latifolia &#8218;You Can&#8216;"},"content":{"rendered":"<p>Immergr\u00fcner Strauch mit mattem Gr\u00fcn. Die rosafarbenen Knospen nehmen bei Reife eine intensivere F\u00e4rbung an und verwandeln sich in leuchtend rosa Bl\u00fcten.<\/p>\n","protected":false},"excerpt":{"rendered":"<p>Immergr\u00fcner Strauch mit mattem Gr\u00fcn. Die rosafarbenen Knospen nehmen bei Reife eine intensivere F\u00e4rbung an und verwandeln sich in leuchtend rosa Bl\u00fcten.<\/p>\n","protected":false},"featured_media":67602,"template":"","meta":{"_acf_changed":false},"product_brand":[],"product_cat":[8816],"product_tag":[10898],"class_list":{"0":"post-68797","1":"product","2":"type-product","3":"status-publish","4":"has-post-thumbnail","6":"product_cat-hartnaeckige-baeume-und-straeucher","7":"product_tag-naturlichen","8":"pa_altezza-massima-200-de","9":"pa_colore-fioritura-rose-de","10":"pa_famiglia-ericaceae-de","11":"pa_genere-kalmia-de","12":"pa_origine-north-america-de","13":"pa_periodo-fioritura-juni","14":"pa_periodo-fioritura-mai-de","15":"pa_portamento-cespuglioso-de","16":"pa_resistenza-climatica-sehr-hoch","17":"pa_utilizzo-kleine-gaerten","18":"pa_utilizzo-parks-de","20":"first","21":"instock","22":"purchasable","23":"product-type-simple"},"acf":[],"_links":{"self":[{"href":"https:\/\/innocentiemangonipiante.it\/de\/wp-json\/wp\/v2\/product\/68797","targetHints":{"allow":["GET"]}}],"collection":[{"href":"https:\/\/innocentiemangonipiante.it\/de\/wp-json\/wp\/v2\/product"}],"about":[{"href":"https:\/\/innocentiemangonipiante.it\/de\/wp-json\/wp\/v2\/types\/product"}],"wp:featuredmedia":[{"embeddable":true,"href":"https:\/\/innocentiemangonipiante.it\/de\/wp-json\/wp\/v2\/media\/67602"}],"wp:attachment":[{"href":"https:\/\/innocentiemangonipiante.it\/de\/wp-json\/wp\/v2\/media?parent=68797"}],"wp:term":[{"taxonomy":"product_brand","embeddable":true,"href":"https:\/\/innocentiemangonipiante.it\/de\/wp-json\/wp\/v2\/product_brand?post=68797"},{"taxonomy":"product_cat","embeddable":true,"href":"https:\/\/innocentiemangonipiante.it\/de\/wp-json\/wp\/v2\/product_cat?post=68797"},{"taxonomy":"product_tag","embeddable":true,"href":"https:\/\/innocentiemangonipiante.it\/de\/wp-json\/wp\/v2\/product_tag?post=68797"}],"curies":[{"name":"wp","href":"https:\/\/api.w.org\/{rel}","templated":true}]}}