{"id":68798,"date":"2026-01-07T14:23:32","date_gmt":"2026-01-07T13:23:32","guid":{"rendered":"https:\/\/innocentiemangonipiante.it\/leptospermum-silver-sheen\/"},"modified":"2026-01-07T20:46:51","modified_gmt":"2026-01-07T19:46:51","slug":"leptospermum-silver-sheen","status":"publish","type":"product","link":"https:\/\/innocentiemangonipiante.it\/de\/leptospermum-silver-sheen\/","title":{"rendered":"LEPTOSPERMUM &#8218;Silver Sheen&#8216;"},"content":{"rendered":"<p>Immergr\u00fcner Strauch mit feinem silbrigem Laub und einer langen, spektakul\u00e4ren wei\u00dfen Bl\u00fcte im Fr\u00fchling und Sommer. Geeignet f\u00fcr alle Bodenarten, salz- und k\u00e4ltebest\u00e4ndig.<\/p>\n","protected":false},"excerpt":{"rendered":"<p>Immergr\u00fcner Strauch mit feinem silbrigem Laub und einer langen, spektakul\u00e4ren wei\u00dfen Bl\u00fcte im Fr\u00fchling und Sommer. Geeignet f\u00fcr alle Bodenarten, salz- und k\u00e4ltebest\u00e4ndig.<\/p>\n","protected":false},"featured_media":67608,"template":"","meta":{"_acf_changed":false},"product_brand":[],"product_cat":[8816],"product_tag":[10898],"class_list":{"0":"post-68798","1":"product","2":"type-product","3":"status-publish","4":"has-post-thumbnail","6":"product_cat-hartnaeckige-baeume-und-straeucher","7":"product_tag-naturlichen","8":"pa_altezza-massima-150-de","9":"pa_altezza-massima-170-de-2","10":"pa_colore-delle-foglie-grauen","11":"pa_colore-fioritura-weis","12":"pa_famiglia-myrtaceae-de","13":"pa_genere-leptospermum-de","14":"pa_origine-australien","15":"pa_periodo-fioritura-april-de","16":"pa_periodo-fioritura-august-de","17":"pa_periodo-fioritura-juli","18":"pa_periodo-fioritura-juni","19":"pa_periodo-fioritura-mai-de","20":"pa_portamento-cespuglioso-de","21":"pa_profumo-zart","22":"pa_resistenza-climatica-mittel-hoch","23":"pa_salinita-bestaendigkeit-in-meeresluft","24":"pa_utilizzo-kleine-gaerten","25":"pa_utilizzo-parks-de","27":"first","28":"instock","29":"purchasable","30":"product-type-simple"},"acf":[],"_links":{"self":[{"href":"https:\/\/innocentiemangonipiante.it\/de\/wp-json\/wp\/v2\/product\/68798","targetHints":{"allow":["GET"]}}],"collection":[{"href":"https:\/\/innocentiemangonipiante.it\/de\/wp-json\/wp\/v2\/product"}],"about":[{"href":"https:\/\/innocentiemangonipiante.it\/de\/wp-json\/wp\/v2\/types\/product"}],"wp:featuredmedia":[{"embeddable":true,"href":"https:\/\/innocentiemangonipiante.it\/de\/wp-json\/wp\/v2\/media\/67608"}],"wp:attachment":[{"href":"https:\/\/innocentiemangonipiante.it\/de\/wp-json\/wp\/v2\/media?parent=68798"}],"wp:term":[{"taxonomy":"product_brand","embeddable":true,"href":"https:\/\/innocentiemangonipiante.it\/de\/wp-json\/wp\/v2\/product_brand?post=68798"},{"taxonomy":"product_cat","embeddable":true,"href":"https:\/\/innocentiemangonipiante.it\/de\/wp-json\/wp\/v2\/product_cat?post=68798"},{"taxonomy":"product_tag","embeddable":true,"href":"https:\/\/innocentiemangonipiante.it\/de\/wp-json\/wp\/v2\/product_tag?post=68798"}],"curies":[{"name":"wp","href":"https:\/\/api.w.org\/{rel}","templated":true}]}}