{"id":68799,"date":"2026-01-07T14:23:57","date_gmt":"2026-01-07T13:23:57","guid":{"rendered":"https:\/\/innocentiemangonipiante.it\/leptospermum-coral-candy\/"},"modified":"2026-01-07T20:47:26","modified_gmt":"2026-01-07T19:47:26","slug":"leptospermum-coral-candy","status":"publish","type":"product","link":"https:\/\/innocentiemangonipiante.it\/de\/leptospermum-coral-candy\/","title":{"rendered":"LEPTOSPERMUM &#8218;Coral Candy&#8216;"},"content":{"rendered":"<p>Rundlicher immergr\u00fcner Strauch, bis zu 2 m hoch, mit schmalen Bl\u00e4ttern, die beim Zerdr\u00fccken ein aromatisches Aroma verstr\u00f6men. Sp\u00e4t im Fr\u00fchling und fr\u00fch im Sommer bringt er eine F\u00fclle von dunkelrosa, halbgef\u00fcllten, flach becherf\u00f6rmigen Bl\u00fcten hervor.<\/p>\n","protected":false},"excerpt":{"rendered":"<p>Rundlicher immergr\u00fcner Strauch, bis zu 2 m hoch, mit schmalen Bl\u00e4ttern, die beim Zerdr\u00fccken ein aromatisches Aroma verstr\u00f6men. Sp\u00e4t im Fr\u00fchling und fr\u00fch im Sommer bringt er eine F\u00fclle von dunkelrosa, halbgef\u00fcllten, flach becherf\u00f6rmigen Bl\u00fcten hervor.<\/p>\n","protected":false},"featured_media":67624,"template":"","meta":{"_acf_changed":false},"product_brand":[],"product_cat":[8816],"product_tag":[10898],"class_list":{"0":"post-68799","1":"product","2":"type-product","3":"status-publish","4":"has-post-thumbnail","6":"product_cat-hartnaeckige-baeume-und-straeucher","7":"product_tag-naturlichen","8":"pa_altezza-massima-100-de","9":"pa_altezza-massima-200-de","10":"pa_colore-fioritura-rose-de","11":"pa_famiglia-myrtaceae-de","12":"pa_genere-leptospermum-de","13":"pa_origine-australien","14":"pa_periodo-fioritura-august-de","15":"pa_periodo-fioritura-juli","16":"pa_periodo-fioritura-juni","17":"pa_periodo-fioritura-mai-de","18":"pa_portamento-arrotondato-de","19":"pa_profumo-zart","20":"pa_resistenza-climatica-mittel-hoch","21":"pa_utilizzo-kleine-gaerten","22":"pa_utilizzo-parks-de","24":"first","25":"instock","26":"purchasable","27":"product-type-simple"},"acf":[],"_links":{"self":[{"href":"https:\/\/innocentiemangonipiante.it\/de\/wp-json\/wp\/v2\/product\/68799","targetHints":{"allow":["GET"]}}],"collection":[{"href":"https:\/\/innocentiemangonipiante.it\/de\/wp-json\/wp\/v2\/product"}],"about":[{"href":"https:\/\/innocentiemangonipiante.it\/de\/wp-json\/wp\/v2\/types\/product"}],"wp:featuredmedia":[{"embeddable":true,"href":"https:\/\/innocentiemangonipiante.it\/de\/wp-json\/wp\/v2\/media\/67624"}],"wp:attachment":[{"href":"https:\/\/innocentiemangonipiante.it\/de\/wp-json\/wp\/v2\/media?parent=68799"}],"wp:term":[{"taxonomy":"product_brand","embeddable":true,"href":"https:\/\/innocentiemangonipiante.it\/de\/wp-json\/wp\/v2\/product_brand?post=68799"},{"taxonomy":"product_cat","embeddable":true,"href":"https:\/\/innocentiemangonipiante.it\/de\/wp-json\/wp\/v2\/product_cat?post=68799"},{"taxonomy":"product_tag","embeddable":true,"href":"https:\/\/innocentiemangonipiante.it\/de\/wp-json\/wp\/v2\/product_tag?post=68799"}],"curies":[{"name":"wp","href":"https:\/\/api.w.org\/{rel}","templated":true}]}}