{"id":68800,"date":"2026-01-07T14:24:20","date_gmt":"2026-01-07T13:24:20","guid":{"rendered":"https:\/\/innocentiemangonipiante.it\/leptospermum-crimson-glory\/"},"modified":"2026-01-07T20:47:29","modified_gmt":"2026-01-07T19:47:29","slug":"leptospermum-crimson-glory","status":"publish","type":"product","link":"https:\/\/innocentiemangonipiante.it\/de\/leptospermum-crimson-glory\/","title":{"rendered":"LEPTOSPERMUM &#8218;Crimson Glory&#8216;"},"content":{"rendered":"<p>Eine mittelgro\u00dfe Sorte mit aufrechtem Wuchs, die eine leuchtende Bl\u00fcte in einem fast roten Rosaton aufweist. Sp\u00e4t im Fr\u00fchling oder fr\u00fch im Sommer bl\u00fchen ihre kleinen, gef\u00fcllten Bl\u00fcten entlang der Zweige. Das Laub wechselt von Dunkelgr\u00fcn zu Braungr\u00fcn.<\/p>\n","protected":false},"excerpt":{"rendered":"<p>Eine mittelgro\u00dfe Sorte mit aufrechtem Wuchs, die eine leuchtende Bl\u00fcte in einem fast roten Rosaton aufweist. Sp\u00e4t im Fr\u00fchling oder fr\u00fch im Sommer bl\u00fchen ihre kleinen, gef\u00fcllten Bl\u00fcten entlang der Zweige. Das Laub wechselt von Dunkelgr\u00fcn zu Braungr\u00fcn.<\/p>\n","protected":false},"featured_media":67635,"template":"","meta":{"_acf_changed":false},"product_brand":[],"product_cat":[8816],"product_tag":[10898],"class_list":{"0":"post-68800","1":"product","2":"type-product","3":"status-publish","4":"has-post-thumbnail","6":"product_cat-hartnaeckige-baeume-und-straeucher","7":"product_tag-naturlichen","8":"pa_altezza-massima-150-de","9":"pa_colore-fioritura-rose-de","10":"pa_famiglia-myrtaceae-de","11":"pa_genere-leptospermum-de","12":"pa_origine-australien","13":"pa_periodo-fioritura-august-de","14":"pa_periodo-fioritura-juli","15":"pa_periodo-fioritura-juni","16":"pa_periodo-fioritura-mai-de","17":"pa_portamento-eretto-de","18":"pa_profumo-zart","19":"pa_resistenza-climatica-mittel-hoch","20":"pa_utilizzo-kleine-gaerten","21":"pa_utilizzo-parks-de","23":"first","24":"instock","25":"purchasable","26":"product-type-simple"},"acf":[],"_links":{"self":[{"href":"https:\/\/innocentiemangonipiante.it\/de\/wp-json\/wp\/v2\/product\/68800","targetHints":{"allow":["GET"]}}],"collection":[{"href":"https:\/\/innocentiemangonipiante.it\/de\/wp-json\/wp\/v2\/product"}],"about":[{"href":"https:\/\/innocentiemangonipiante.it\/de\/wp-json\/wp\/v2\/types\/product"}],"wp:featuredmedia":[{"embeddable":true,"href":"https:\/\/innocentiemangonipiante.it\/de\/wp-json\/wp\/v2\/media\/67635"}],"wp:attachment":[{"href":"https:\/\/innocentiemangonipiante.it\/de\/wp-json\/wp\/v2\/media?parent=68800"}],"wp:term":[{"taxonomy":"product_brand","embeddable":true,"href":"https:\/\/innocentiemangonipiante.it\/de\/wp-json\/wp\/v2\/product_brand?post=68800"},{"taxonomy":"product_cat","embeddable":true,"href":"https:\/\/innocentiemangonipiante.it\/de\/wp-json\/wp\/v2\/product_cat?post=68800"},{"taxonomy":"product_tag","embeddable":true,"href":"https:\/\/innocentiemangonipiante.it\/de\/wp-json\/wp\/v2\/product_tag?post=68800"}],"curies":[{"name":"wp","href":"https:\/\/api.w.org\/{rel}","templated":true}]}}