{"id":68801,"date":"2026-01-07T14:24:40","date_gmt":"2026-01-07T13:24:40","guid":{"rendered":"https:\/\/innocentiemangonipiante.it\/leptospermum-snow-fluries\/"},"modified":"2026-01-07T20:47:32","modified_gmt":"2026-01-07T19:47:32","slug":"leptospermum-snow-fluries","status":"publish","type":"product","link":"https:\/\/innocentiemangonipiante.it\/de\/leptospermum-snow-fluries\/","title":{"rendered":"LEPTOSPERMUM &#8218;Snow Fluries&#8216; \u00ae"},"content":{"rendered":"<p>Immergr\u00fcner Strauch mit sommerlicher Bl\u00fcte aus gef\u00fcllten wei\u00dfen Bl\u00fcten. Die schmalen, lanzettlichen Bl\u00e4tter sind etwa 1,5 cm lang und verstr\u00f6men einen Duft, wenn sie gebrochen werden.<\/p>\n","protected":false},"excerpt":{"rendered":"<p>Immergr\u00fcner Strauch mit sommerlicher Bl\u00fcte aus gef\u00fcllten wei\u00dfen Bl\u00fcten. Die schmalen, lanzettlichen Bl\u00e4tter sind etwa 1,5 cm lang und verstr\u00f6men einen Duft, wenn sie gebrochen werden.<\/p>\n","protected":false},"featured_media":67641,"template":"","meta":{"_acf_changed":false},"product_brand":[],"product_cat":[8816],"product_tag":[10898],"class_list":{"0":"post-68801","1":"product","2":"type-product","3":"status-publish","4":"has-post-thumbnail","6":"product_cat-hartnaeckige-baeume-und-straeucher","7":"product_tag-naturlichen","8":"pa_altezza-massima-200-de","9":"pa_altezza-massima-300-de","10":"pa_colore-fioritura-weis","11":"pa_famiglia-myrtaceae-de","12":"pa_genere-leptospermum-de","13":"pa_origine-australien","14":"pa_periodo-fioritura-august-de","15":"pa_periodo-fioritura-juli","16":"pa_periodo-fioritura-juni","17":"pa_periodo-fioritura-mai-de","18":"pa_portamento-cespuglioso-de","19":"pa_profumo-zart","20":"pa_resistenza-climatica-mittel","21":"pa_utilizzo-kleine-gaerten","22":"pa_utilizzo-parks-de","24":"first","25":"instock","26":"purchasable","27":"product-type-simple"},"acf":[],"_links":{"self":[{"href":"https:\/\/innocentiemangonipiante.it\/de\/wp-json\/wp\/v2\/product\/68801","targetHints":{"allow":["GET"]}}],"collection":[{"href":"https:\/\/innocentiemangonipiante.it\/de\/wp-json\/wp\/v2\/product"}],"about":[{"href":"https:\/\/innocentiemangonipiante.it\/de\/wp-json\/wp\/v2\/types\/product"}],"wp:featuredmedia":[{"embeddable":true,"href":"https:\/\/innocentiemangonipiante.it\/de\/wp-json\/wp\/v2\/media\/67641"}],"wp:attachment":[{"href":"https:\/\/innocentiemangonipiante.it\/de\/wp-json\/wp\/v2\/media?parent=68801"}],"wp:term":[{"taxonomy":"product_brand","embeddable":true,"href":"https:\/\/innocentiemangonipiante.it\/de\/wp-json\/wp\/v2\/product_brand?post=68801"},{"taxonomy":"product_cat","embeddable":true,"href":"https:\/\/innocentiemangonipiante.it\/de\/wp-json\/wp\/v2\/product_cat?post=68801"},{"taxonomy":"product_tag","embeddable":true,"href":"https:\/\/innocentiemangonipiante.it\/de\/wp-json\/wp\/v2\/product_tag?post=68801"}],"curies":[{"name":"wp","href":"https:\/\/api.w.org\/{rel}","templated":true}]}}