{"id":68802,"date":"2026-01-07T14:25:02","date_gmt":"2026-01-07T13:25:02","guid":{"rendered":"https:\/\/innocentiemangonipiante.it\/magnolia-stellar-ruby\/"},"modified":"2026-01-08T12:28:38","modified_gmt":"2026-01-08T11:28:38","slug":"magnolia-stellar-ruby","status":"publish","type":"product","link":"https:\/\/innocentiemangonipiante.it\/de\/magnolia-stellar-ruby\/","title":{"rendered":"MAGNOLIA &#8218;Stellar Ruby&#8216; \u00ae"},"content":{"rendered":"<p>Diese wundersch\u00f6ne immergr\u00fcne Magnoliensorte zeichnet sich durch ihren s\u00e4ulenf\u00f6rmigen Wuchs aus, der sie sowohl f\u00fcr gro\u00dfe als auch f\u00fcr kleine G\u00e4rten geeignet macht. Ihr gl\u00e4nzend gr\u00fcnes Laub ist sehr dicht und bedeckt sich von Fr\u00fchling bis Fr\u00fchsommer mit rubinroten Bl\u00fcten. Im Sp\u00e4tsommer \u00fcberrascht sie mit einer weiteren duftenden Bl\u00fcte.<\/p>\n","protected":false},"excerpt":{"rendered":"<p>Diese wundersch\u00f6ne immergr\u00fcne Magnoliensorte zeichnet sich durch ihren s\u00e4ulenf\u00f6rmigen Wuchs aus, der sie sowohl f\u00fcr gro\u00dfe als auch f\u00fcr kleine G\u00e4rten geeignet macht. Ihr gl\u00e4nzend gr\u00fcnes Laub ist sehr dicht und bedeckt sich von Fr\u00fchling bis Fr\u00fchsommer mit rubinroten Bl\u00fcten. Im Sp\u00e4tsommer \u00fcberrascht sie mit einer weiteren duftenden Bl\u00fcte.<\/p>\n","protected":false},"featured_media":67672,"template":"","meta":{"_acf_changed":false},"product_brand":[],"product_cat":[8816],"product_tag":[10898],"class_list":{"0":"post-68802","1":"product","2":"type-product","3":"status-publish","4":"has-post-thumbnail","6":"product_cat-hartnaeckige-baeume-und-straeucher","7":"product_tag-naturlichen","8":"pa_altezza-massima-300-de","9":"pa_altezza-massima-400-de","10":"pa_colore-fioritura-rot","11":"pa_famiglia-magnoliaceae-de","12":"pa_genere-magnolia-de","13":"pa_origine-u-s-a","14":"pa_periodo-fioritura-april-de","15":"pa_periodo-fioritura-juni","16":"pa_periodo-fioritura-mai-de","17":"pa_periodo-fioritura-september-de","18":"pa_portamento-fastigiato-de","19":"pa_profumo-intensiv","20":"pa_resistenza-climatica-sehr-hoch","21":"pa_utilizzo-kleine-gaerten","23":"first","24":"instock","25":"purchasable","26":"product-type-simple"},"acf":[],"_links":{"self":[{"href":"https:\/\/innocentiemangonipiante.it\/de\/wp-json\/wp\/v2\/product\/68802","targetHints":{"allow":["GET"]}}],"collection":[{"href":"https:\/\/innocentiemangonipiante.it\/de\/wp-json\/wp\/v2\/product"}],"about":[{"href":"https:\/\/innocentiemangonipiante.it\/de\/wp-json\/wp\/v2\/types\/product"}],"wp:featuredmedia":[{"embeddable":true,"href":"https:\/\/innocentiemangonipiante.it\/de\/wp-json\/wp\/v2\/media\/67672"}],"wp:attachment":[{"href":"https:\/\/innocentiemangonipiante.it\/de\/wp-json\/wp\/v2\/media?parent=68802"}],"wp:term":[{"taxonomy":"product_brand","embeddable":true,"href":"https:\/\/innocentiemangonipiante.it\/de\/wp-json\/wp\/v2\/product_brand?post=68802"},{"taxonomy":"product_cat","embeddable":true,"href":"https:\/\/innocentiemangonipiante.it\/de\/wp-json\/wp\/v2\/product_cat?post=68802"},{"taxonomy":"product_tag","embeddable":true,"href":"https:\/\/innocentiemangonipiante.it\/de\/wp-json\/wp\/v2\/product_tag?post=68802"}],"curies":[{"name":"wp","href":"https:\/\/api.w.org\/{rel}","templated":true}]}}