{"id":68803,"date":"2026-01-07T14:26:07","date_gmt":"2026-01-07T13:26:07","guid":{"rendered":"https:\/\/innocentiemangonipiante.it\/mangave-blazing-saddles\/"},"modified":"2026-01-07T20:47:38","modified_gmt":"2026-01-07T19:47:38","slug":"mangave-blazing-saddles","status":"publish","type":"product","link":"https:\/\/innocentiemangonipiante.it\/de\/mangave-blazing-saddles\/","title":{"rendered":"MANGAVE &#8218;Blazing Saddles&#8216; \u00ae"},"content":{"rendered":"<p>Sorte mit gr\u00fcnen Bl\u00e4ttern, die mit zahlreichen roten Punkten \u00fcbers\u00e4t sind.<\/p>\n","protected":false},"excerpt":{"rendered":"<p>Sorte mit gr\u00fcnen Bl\u00e4ttern, die mit zahlreichen roten Punkten \u00fcbers\u00e4t sind.<\/p>\n","protected":false},"featured_media":67683,"template":"","meta":{"_acf_changed":false},"product_brand":[],"product_cat":[8832],"product_tag":[10898],"class_list":{"0":"post-68803","1":"product","2":"type-product","3":"status-publish","4":"has-post-thumbnail","6":"product_cat-palmartig-und-saftig","7":"product_tag-naturlichen","8":"pa_altezza-massima-0_20-meter","9":"pa_colore-delle-foglie-vielfaeltigen","10":"pa_famiglia-asparagaceae-de","11":"pa_genere-mangave-de","12":"pa_origine-u-s-a","13":"pa_portamento-allargato-de","14":"pa_resistenza-climatica-pflanzen-mit-geringem-klimawiderstand","15":"pa_utilizzo-balkone","16":"pa_utilizzo-im-innen","17":"pa_utilizzo-kleine-gaerten","19":"first","20":"instock","21":"purchasable","22":"product-type-simple"},"acf":[],"_links":{"self":[{"href":"https:\/\/innocentiemangonipiante.it\/de\/wp-json\/wp\/v2\/product\/68803","targetHints":{"allow":["GET"]}}],"collection":[{"href":"https:\/\/innocentiemangonipiante.it\/de\/wp-json\/wp\/v2\/product"}],"about":[{"href":"https:\/\/innocentiemangonipiante.it\/de\/wp-json\/wp\/v2\/types\/product"}],"wp:featuredmedia":[{"embeddable":true,"href":"https:\/\/innocentiemangonipiante.it\/de\/wp-json\/wp\/v2\/media\/67683"}],"wp:attachment":[{"href":"https:\/\/innocentiemangonipiante.it\/de\/wp-json\/wp\/v2\/media?parent=68803"}],"wp:term":[{"taxonomy":"product_brand","embeddable":true,"href":"https:\/\/innocentiemangonipiante.it\/de\/wp-json\/wp\/v2\/product_brand?post=68803"},{"taxonomy":"product_cat","embeddable":true,"href":"https:\/\/innocentiemangonipiante.it\/de\/wp-json\/wp\/v2\/product_cat?post=68803"},{"taxonomy":"product_tag","embeddable":true,"href":"https:\/\/innocentiemangonipiante.it\/de\/wp-json\/wp\/v2\/product_tag?post=68803"}],"curies":[{"name":"wp","href":"https:\/\/api.w.org\/{rel}","templated":true}]}}