{"id":68804,"date":"2026-01-07T14:26:35","date_gmt":"2026-01-07T13:26:35","guid":{"rendered":"https:\/\/innocentiemangonipiante.it\/nandina-domestica-red-light\/"},"modified":"2026-01-07T20:47:41","modified_gmt":"2026-01-07T19:47:41","slug":"nandina-domestica-red-light","status":"publish","type":"product","link":"https:\/\/innocentiemangonipiante.it\/de\/nandina-domestica-red-light\/","title":{"rendered":"NANDINA domestica &#8218;Red Light&#8216; \u00ae"},"content":{"rendered":"<p>Kompakte Sorte. Gr\u00fcn-wei\u00df panaschierte Bl\u00e4tter mit dunkelrosa neuen Trieben.<\/p>\n","protected":false},"excerpt":{"rendered":"<p>Kompakte Sorte. Gr\u00fcn-wei\u00df panaschierte Bl\u00e4tter mit dunkelrosa neuen Trieben.<\/p>\n","protected":false},"featured_media":67694,"template":"","meta":{"_acf_changed":false},"product_brand":[],"product_cat":[8816],"product_tag":[10898],"class_list":{"0":"post-68804","1":"product","2":"type-product","3":"status-publish","4":"has-post-thumbnail","6":"product_cat-hartnaeckige-baeume-und-straeucher","7":"product_tag-naturlichen","8":"pa_altezza-massima-0_80-meter","9":"pa_colore-delle-foglie-vielfaeltigen","10":"pa_famiglia-berberidaceae-de","11":"pa_genere-nandina-de","12":"pa_origine-irland","13":"pa_portamento-cespuglioso-de","14":"pa_resistenza-climatica-mittel-hoch","15":"pa_utilizzo-balkone","16":"pa_utilizzo-kleine-gaerten","18":"first","19":"instock","20":"purchasable","21":"product-type-simple"},"acf":[],"_links":{"self":[{"href":"https:\/\/innocentiemangonipiante.it\/de\/wp-json\/wp\/v2\/product\/68804","targetHints":{"allow":["GET"]}}],"collection":[{"href":"https:\/\/innocentiemangonipiante.it\/de\/wp-json\/wp\/v2\/product"}],"about":[{"href":"https:\/\/innocentiemangonipiante.it\/de\/wp-json\/wp\/v2\/types\/product"}],"wp:featuredmedia":[{"embeddable":true,"href":"https:\/\/innocentiemangonipiante.it\/de\/wp-json\/wp\/v2\/media\/67694"}],"wp:attachment":[{"href":"https:\/\/innocentiemangonipiante.it\/de\/wp-json\/wp\/v2\/media?parent=68804"}],"wp:term":[{"taxonomy":"product_brand","embeddable":true,"href":"https:\/\/innocentiemangonipiante.it\/de\/wp-json\/wp\/v2\/product_brand?post=68804"},{"taxonomy":"product_cat","embeddable":true,"href":"https:\/\/innocentiemangonipiante.it\/de\/wp-json\/wp\/v2\/product_cat?post=68804"},{"taxonomy":"product_tag","embeddable":true,"href":"https:\/\/innocentiemangonipiante.it\/de\/wp-json\/wp\/v2\/product_tag?post=68804"}],"curies":[{"name":"wp","href":"https:\/\/api.w.org\/{rel}","templated":true}]}}