{"id":68805,"date":"2026-01-07T15:10:17","date_gmt":"2026-01-07T14:10:17","guid":{"rendered":"https:\/\/innocentiemangonipiante.it\/olearia-spring-bling\/"},"modified":"2026-01-07T20:47:44","modified_gmt":"2026-01-07T19:47:44","slug":"olearia-spring-bling","status":"publish","type":"product","link":"https:\/\/innocentiemangonipiante.it\/de\/olearia-spring-bling\/","title":{"rendered":"OLEARIA &#8218;Spring Bling&#8216; \u00ae"},"content":{"rendered":"<p>Immergr\u00fcner Strauch, der sich von Sp\u00e4tfr\u00fchling bis Fr\u00fchsommer mit g\u00e4nsebl\u00fcmchen\u00e4hnlichen Bl\u00fcten bedeckt. Das Laub ist aromatisch. Er vertr\u00e4gt Salzgischt und ist k\u00e4ltebest\u00e4ndig.<\/p>\n","protected":false},"excerpt":{"rendered":"<p>Immergr\u00fcner Strauch, der sich von Sp\u00e4tfr\u00fchling bis Fr\u00fchsommer mit g\u00e4nsebl\u00fcmchen\u00e4hnlichen Bl\u00fcten bedeckt. Das Laub ist aromatisch. Er vertr\u00e4gt Salzgischt und ist k\u00e4ltebest\u00e4ndig.<\/p>\n","protected":false},"featured_media":67730,"template":"","meta":{"_acf_changed":false},"product_brand":[],"product_cat":[8318],"product_tag":[10898],"class_list":{"0":"post-68805","1":"product","2":"type-product","3":"status-publish","4":"has-post-thumbnail","6":"product_cat-keine-kategorie","7":"product_tag-naturlichen","8":"pa_altezza-massima-100-de","9":"pa_altezza-massima-150-de","10":"pa_colore-delle-foglie-grauen","11":"pa_colore-fioritura-weis","12":"pa_famiglia-asteraceae-de","13":"pa_genere-olearia","14":"pa_origine-england-de","15":"pa_periodo-fioritura-juni","16":"pa_periodo-fioritura-mai-de","17":"pa_portamento-cespuglioso-de","18":"pa_resistenza-climatica-mittel-hoch","19":"pa_salinita-bestaendigkeit-in-meeresluft","20":"pa_utilizzo-kleine-gaerten","22":"first","23":"instock","24":"purchasable","25":"product-type-simple"},"acf":[],"_links":{"self":[{"href":"https:\/\/innocentiemangonipiante.it\/de\/wp-json\/wp\/v2\/product\/68805","targetHints":{"allow":["GET"]}}],"collection":[{"href":"https:\/\/innocentiemangonipiante.it\/de\/wp-json\/wp\/v2\/product"}],"about":[{"href":"https:\/\/innocentiemangonipiante.it\/de\/wp-json\/wp\/v2\/types\/product"}],"wp:featuredmedia":[{"embeddable":true,"href":"https:\/\/innocentiemangonipiante.it\/de\/wp-json\/wp\/v2\/media\/67730"}],"wp:attachment":[{"href":"https:\/\/innocentiemangonipiante.it\/de\/wp-json\/wp\/v2\/media?parent=68805"}],"wp:term":[{"taxonomy":"product_brand","embeddable":true,"href":"https:\/\/innocentiemangonipiante.it\/de\/wp-json\/wp\/v2\/product_brand?post=68805"},{"taxonomy":"product_cat","embeddable":true,"href":"https:\/\/innocentiemangonipiante.it\/de\/wp-json\/wp\/v2\/product_cat?post=68805"},{"taxonomy":"product_tag","embeddable":true,"href":"https:\/\/innocentiemangonipiante.it\/de\/wp-json\/wp\/v2\/product_tag?post=68805"}],"curies":[{"name":"wp","href":"https:\/\/api.w.org\/{rel}","templated":true}]}}