{"id":68807,"date":"2026-01-07T15:13:18","date_gmt":"2026-01-07T14:13:18","guid":{"rendered":"https:\/\/innocentiemangonipiante.it\/philadelphus-petite-perfume-pink\/"},"modified":"2026-01-07T20:47:51","modified_gmt":"2026-01-07T19:47:51","slug":"philadelphus-petite-perfume-pink","status":"publish","type":"product","link":"https:\/\/innocentiemangonipiante.it\/de\/philadelphus-petite-perfume-pink\/","title":{"rendered":"PHILADELPHUS &#8218;Petite Perfume Pink&#8216; \u00ae"},"content":{"rendered":"<p>Kompakte und abgerundete Sorte mit einer majest\u00e4tischen Sommerbl\u00fcte aus leuchtend rosa, stark duftenden Bl\u00fcten. Zum besten Strauch des Jahres bei der Chelsea Flower Show 2025 gew\u00e4hlt.<\/p>\n","protected":false},"excerpt":{"rendered":"<p>Kompakte und abgerundete Sorte mit einer majest\u00e4tischen Sommerbl\u00fcte aus leuchtend rosa, stark duftenden Bl\u00fcten. Zum besten Strauch des Jahres bei der Chelsea Flower Show 2025 gew\u00e4hlt.<\/p>\n","protected":false},"featured_media":67847,"template":"","meta":{"_acf_changed":false},"product_brand":[],"product_cat":[8813],"product_tag":[10898],"class_list":{"0":"post-68807","1":"product","2":"type-product","3":"status-publish","4":"has-post-thumbnail","6":"product_cat-laubbaume-und-straucher","7":"product_tag-naturlichen","8":"pa_altezza-massima-100-de","9":"pa_altezza-massima-120-de","10":"pa_colore-fioritura-rose-de","11":"pa_famiglia-philadelphaceae-de","12":"pa_genere-philadelphus-de","13":"pa_origine-u-k","14":"pa_periodo-fioritura-august-de","15":"pa_periodo-fioritura-juli","16":"pa_periodo-fioritura-juni","17":"pa_portamento-arrotondato-de","18":"pa_profumo-intensiv","19":"pa_resistenza-climatica-mittel-hoch","20":"pa_salinita-bestaendigkeit-in-meeresluft","21":"pa_utilizzo-balkone","22":"pa_utilizzo-bordueren","23":"pa_utilizzo-kleine-gaerten","24":"pa_utilizzo-parks-de","26":"first","27":"instock","28":"purchasable","29":"product-type-simple"},"acf":[],"_links":{"self":[{"href":"https:\/\/innocentiemangonipiante.it\/de\/wp-json\/wp\/v2\/product\/68807","targetHints":{"allow":["GET"]}}],"collection":[{"href":"https:\/\/innocentiemangonipiante.it\/de\/wp-json\/wp\/v2\/product"}],"about":[{"href":"https:\/\/innocentiemangonipiante.it\/de\/wp-json\/wp\/v2\/types\/product"}],"wp:featuredmedia":[{"embeddable":true,"href":"https:\/\/innocentiemangonipiante.it\/de\/wp-json\/wp\/v2\/media\/67847"}],"wp:attachment":[{"href":"https:\/\/innocentiemangonipiante.it\/de\/wp-json\/wp\/v2\/media?parent=68807"}],"wp:term":[{"taxonomy":"product_brand","embeddable":true,"href":"https:\/\/innocentiemangonipiante.it\/de\/wp-json\/wp\/v2\/product_brand?post=68807"},{"taxonomy":"product_cat","embeddable":true,"href":"https:\/\/innocentiemangonipiante.it\/de\/wp-json\/wp\/v2\/product_cat?post=68807"},{"taxonomy":"product_tag","embeddable":true,"href":"https:\/\/innocentiemangonipiante.it\/de\/wp-json\/wp\/v2\/product_tag?post=68807"}],"curies":[{"name":"wp","href":"https:\/\/api.w.org\/{rel}","templated":true}]}}