{"id":68808,"date":"2026-01-07T15:36:38","date_gmt":"2026-01-07T14:36:38","guid":{"rendered":"https:\/\/innocentiemangonipiante.it\/philadelphus-petite-perfume-white\/"},"modified":"2026-01-07T20:47:55","modified_gmt":"2026-01-07T19:47:55","slug":"philadelphus-petite-perfume-white","status":"publish","type":"product","link":"https:\/\/innocentiemangonipiante.it\/de\/philadelphus-petite-perfume-white\/","title":{"rendered":"PHILADELPHUS &#8218;Petite Perfume White&#8216; \u00ae"},"content":{"rendered":"<p>Kompakte, rundliche Sorte mit majest\u00e4tischer Sommerbl\u00fcte, wenn sich keine Gr\u00f6\u00dfe, stark duftende wei\u00dfe Bl\u00fcten \u00f6ffnen.<\/p>\n","protected":false},"excerpt":{"rendered":"<p>Kompakte, rundliche Sorte mit majest\u00e4tischer Sommerbl\u00fcte, wenn sich keine Gr\u00f6\u00dfe, stark duftende wei\u00dfe Bl\u00fcten \u00f6ffnen.<\/p>\n","protected":false},"featured_media":67918,"template":"","meta":{"_acf_changed":false},"product_brand":[],"product_cat":[8813],"product_tag":[10898],"class_list":{"0":"post-68808","1":"product","2":"type-product","3":"status-publish","4":"has-post-thumbnail","6":"product_cat-laubbaume-und-straucher","7":"product_tag-naturlichen","8":"pa_altezza-massima-100-de","9":"pa_altezza-massima-120-de","10":"pa_colore-fioritura-weis","11":"pa_famiglia-philadelphaceae-de","12":"pa_genere-philadelphus-de","13":"pa_origine-u-k","14":"pa_periodo-fioritura-august-de","15":"pa_periodo-fioritura-juli","16":"pa_periodo-fioritura-juni","17":"pa_portamento-arrotondato-de","18":"pa_profumo-intensiv","19":"pa_resistenza-climatica-mittel-hoch","20":"pa_salinita-bestaendigkeit-in-meeresluft","21":"pa_utilizzo-balkone","22":"pa_utilizzo-bordueren","23":"pa_utilizzo-kleine-gaerten","24":"pa_utilizzo-parks-de","26":"first","27":"instock","28":"purchasable","29":"product-type-simple"},"acf":[],"_links":{"self":[{"href":"https:\/\/innocentiemangonipiante.it\/de\/wp-json\/wp\/v2\/product\/68808","targetHints":{"allow":["GET"]}}],"collection":[{"href":"https:\/\/innocentiemangonipiante.it\/de\/wp-json\/wp\/v2\/product"}],"about":[{"href":"https:\/\/innocentiemangonipiante.it\/de\/wp-json\/wp\/v2\/types\/product"}],"wp:featuredmedia":[{"embeddable":true,"href":"https:\/\/innocentiemangonipiante.it\/de\/wp-json\/wp\/v2\/media\/67918"}],"wp:attachment":[{"href":"https:\/\/innocentiemangonipiante.it\/de\/wp-json\/wp\/v2\/media?parent=68808"}],"wp:term":[{"taxonomy":"product_brand","embeddable":true,"href":"https:\/\/innocentiemangonipiante.it\/de\/wp-json\/wp\/v2\/product_brand?post=68808"},{"taxonomy":"product_cat","embeddable":true,"href":"https:\/\/innocentiemangonipiante.it\/de\/wp-json\/wp\/v2\/product_cat?post=68808"},{"taxonomy":"product_tag","embeddable":true,"href":"https:\/\/innocentiemangonipiante.it\/de\/wp-json\/wp\/v2\/product_tag?post=68808"}],"curies":[{"name":"wp","href":"https:\/\/api.w.org\/{rel}","templated":true}]}}