{"id":68810,"date":"2026-01-07T15:40:35","date_gmt":"2026-01-07T14:40:35","guid":{"rendered":"https:\/\/innocentiemangonipiante.it\/phormium-tenax-lemon-spritzer\/"},"modified":"2026-01-07T20:48:02","modified_gmt":"2026-01-07T19:48:02","slug":"phormium-tenax-lemon-spritzer","status":"publish","type":"product","link":"https:\/\/innocentiemangonipiante.it\/de\/phormium-tenax-lemon-spritzer\/","title":{"rendered":"PHORMIUM tenax &#8218;Lemon Spritzer&#8216; \u00ae"},"content":{"rendered":"<p>Es hat einen kompakten und buschigen Wuchs mit gr\u00fcn-gelb variegiertem Laub. Es w\u00e4chst bis zu 1 Meter hoch und 80 cm breit. Gute Leistung in voller Sonne oder Halbschatten in gut durchl\u00e4ssigem Boden.<\/p>\n","protected":false},"excerpt":{"rendered":"<p>Es hat einen kompakten und buschigen Wuchs mit gr\u00fcn-gelb variegiertem Laub. Es w\u00e4chst bis zu 1 Meter hoch und 80 cm breit. Gute Leistung in voller Sonne oder Halbschatten in gut durchl\u00e4ssigem Boden.<\/p>\n","protected":false},"featured_media":68015,"template":"","meta":{"_acf_changed":false},"product_brand":[],"product_cat":[8816],"product_tag":[10898],"class_list":{"0":"post-68810","1":"product","2":"type-product","3":"status-publish","4":"has-post-thumbnail","6":"product_cat-hartnaeckige-baeume-und-straeucher","7":"product_tag-naturlichen","8":"pa_altezza-massima-100-de","9":"pa_colore-delle-foglie-vielfaeltigen","10":"pa_famiglia-agavaceae-phormaceae","11":"pa_genere-phormium-de","12":"pa_origine-neuseeland-de","13":"pa_portamento-eretto-de","14":"pa_resistenza-climatica-pflanzen-mit-geringem-klimawiderstand","15":"pa_salinita-bestaendigkeit-in-meeresluft","16":"pa_utilizzo-bordueren","17":"pa_utilizzo-kleine-gaerten","18":"pa_utilizzo-parks-de","20":"first","21":"instock","22":"purchasable","23":"product-type-simple"},"acf":[],"_links":{"self":[{"href":"https:\/\/innocentiemangonipiante.it\/de\/wp-json\/wp\/v2\/product\/68810","targetHints":{"allow":["GET"]}}],"collection":[{"href":"https:\/\/innocentiemangonipiante.it\/de\/wp-json\/wp\/v2\/product"}],"about":[{"href":"https:\/\/innocentiemangonipiante.it\/de\/wp-json\/wp\/v2\/types\/product"}],"wp:featuredmedia":[{"embeddable":true,"href":"https:\/\/innocentiemangonipiante.it\/de\/wp-json\/wp\/v2\/media\/68015"}],"wp:attachment":[{"href":"https:\/\/innocentiemangonipiante.it\/de\/wp-json\/wp\/v2\/media?parent=68810"}],"wp:term":[{"taxonomy":"product_brand","embeddable":true,"href":"https:\/\/innocentiemangonipiante.it\/de\/wp-json\/wp\/v2\/product_brand?post=68810"},{"taxonomy":"product_cat","embeddable":true,"href":"https:\/\/innocentiemangonipiante.it\/de\/wp-json\/wp\/v2\/product_cat?post=68810"},{"taxonomy":"product_tag","embeddable":true,"href":"https:\/\/innocentiemangonipiante.it\/de\/wp-json\/wp\/v2\/product_tag?post=68810"}],"curies":[{"name":"wp","href":"https:\/\/api.w.org\/{rel}","templated":true}]}}