{"id":68811,"date":"2026-01-07T15:40:53","date_gmt":"2026-01-07T14:40:53","guid":{"rendered":"https:\/\/innocentiemangonipiante.it\/physocarpus-opulifolios-rubella\/"},"modified":"2026-01-07T20:48:05","modified_gmt":"2026-01-07T19:48:05","slug":"physocarpus-opulifolios-rubella","status":"publish","type":"product","link":"https:\/\/innocentiemangonipiante.it\/de\/physocarpus-opulifolios-rubella\/","title":{"rendered":"PHYSOCARPUS opulifolios &#8218;Rubella&#8216; \u00ae"},"content":{"rendered":"<p>Kompakter Strauch mit dichtem, gl\u00e4nzend purpurnem Laub, das im Sommer schokoladen- bis schwarzfarben wird. Die Bl\u00fcte erfolgt im Juni\u2013Juli mit violetten Bl\u00fcten, die sich wei\u00df \u00f6ffnen. Geeignet f\u00fcr sonnige bis halbschattige Standorte. Sehr k\u00e4lteresistent.<\/p>\n","protected":false},"excerpt":{"rendered":"<p>Kompakter Strauch mit dichtem, gl\u00e4nzend purpurnem Laub, das im Sommer schokoladen- bis schwarzfarben wird. Die Bl\u00fcte erfolgt im Juni\u2013Juli mit violetten Bl\u00fcten, die sich wei\u00df \u00f6ffnen. Geeignet f\u00fcr sonnige bis halbschattige Standorte. Sehr k\u00e4lteresistent.<\/p>\n","protected":false},"featured_media":68031,"template":"","meta":{"_acf_changed":false},"product_brand":[],"product_cat":[8813],"product_tag":[10898],"class_list":{"0":"post-68811","1":"product","2":"type-product","3":"status-publish","4":"has-post-thumbnail","6":"product_cat-laubbaume-und-straucher","7":"product_tag-naturlichen","8":"pa_altezza-massima-110-de-2","9":"pa_altezza-massima-130-de","10":"pa_colore-delle-foglie-roten","11":"pa_colore-fioritura-weis","12":"pa_famiglia-rosaceae-de","13":"pa_genere-physocarpus-de","14":"pa_origine-czech-republic","15":"pa_periodo-fioritura-juli","16":"pa_periodo-fioritura-juni","17":"pa_portamento-arrotondato-de","18":"pa_resistenza-climatica-sehr-hoch","19":"pa_salinita-bestaendigkeit-in-meeresluft","20":"pa_utilizzo-balkone","21":"pa_utilizzo-kleine-gaerten","23":"first","24":"instock","25":"purchasable","26":"product-type-simple"},"acf":[],"_links":{"self":[{"href":"https:\/\/innocentiemangonipiante.it\/de\/wp-json\/wp\/v2\/product\/68811","targetHints":{"allow":["GET"]}}],"collection":[{"href":"https:\/\/innocentiemangonipiante.it\/de\/wp-json\/wp\/v2\/product"}],"about":[{"href":"https:\/\/innocentiemangonipiante.it\/de\/wp-json\/wp\/v2\/types\/product"}],"wp:featuredmedia":[{"embeddable":true,"href":"https:\/\/innocentiemangonipiante.it\/de\/wp-json\/wp\/v2\/media\/68031"}],"wp:attachment":[{"href":"https:\/\/innocentiemangonipiante.it\/de\/wp-json\/wp\/v2\/media?parent=68811"}],"wp:term":[{"taxonomy":"product_brand","embeddable":true,"href":"https:\/\/innocentiemangonipiante.it\/de\/wp-json\/wp\/v2\/product_brand?post=68811"},{"taxonomy":"product_cat","embeddable":true,"href":"https:\/\/innocentiemangonipiante.it\/de\/wp-json\/wp\/v2\/product_cat?post=68811"},{"taxonomy":"product_tag","embeddable":true,"href":"https:\/\/innocentiemangonipiante.it\/de\/wp-json\/wp\/v2\/product_tag?post=68811"}],"curies":[{"name":"wp","href":"https:\/\/api.w.org\/{rel}","templated":true}]}}