{"id":68812,"date":"2026-01-07T15:41:12","date_gmt":"2026-01-07T14:41:12","guid":{"rendered":"https:\/\/innocentiemangonipiante.it\/pinus-nigra-oregon-green\/"},"modified":"2026-01-07T20:48:08","modified_gmt":"2026-01-07T19:48:08","slug":"pinus-nigra-oregon-green","status":"publish","type":"product","link":"https:\/\/innocentiemangonipiante.it\/de\/pinus-nigra-oregon-green\/","title":{"rendered":"PINUS nigra &#8218;Oregon Green&#8216;"},"content":{"rendered":"<p>Eine breite und robuste Auswahl der \u00d6sterreichischen Schwarzkiefer mit asymmetrischer Verzweigung und gl\u00e4nzend dunkelgr\u00fcnen Nadeln, die gegen den Ast gerichtet sind. Die neuen Triebe sind aufrecht und von einer besonderen wei\u00dfen Farbe. Geeignet f\u00fcr kleine G\u00e4rten oder Alleen in Parks.<\/p>\n","protected":false},"excerpt":{"rendered":"<p>Eine breite und robuste Auswahl der \u00d6sterreichischen Schwarzkiefer mit asymmetrischer Verzweigung und gl\u00e4nzend dunkelgr\u00fcnen Nadeln, die gegen den Ast gerichtet sind. Die neuen Triebe sind aufrecht und von einer besonderen wei\u00dfen Farbe. Geeignet f\u00fcr kleine G\u00e4rten oder Alleen in Parks.<\/p>\n","protected":false},"featured_media":68037,"template":"","meta":{"_acf_changed":false},"product_brand":[],"product_cat":[8825],"product_tag":[10898],"class_list":{"0":"post-68812","1":"product","2":"type-product","3":"status-publish","4":"has-post-thumbnail","6":"product_cat-koniferen","7":"product_tag-naturlichen","8":"pa_altezza-massima-500-de","9":"pa_altezza-massima-600-de","10":"pa_famiglia-pinaceae-de","11":"pa_genere-pinus-de","12":"pa_inquinamento-bestaendigkeit-gegen-smog","13":"pa_origine-u-s-a","14":"pa_portamento-piramidale-de","15":"pa_resistenza-climatica-sehr-hoch","16":"pa_salinita-bestaendigkeit-in-meeresluft","17":"pa_utilizzo-alleen","18":"pa_utilizzo-kleine-gaerten","19":"pa_utilizzo-parks-de","21":"first","22":"instock","23":"purchasable","24":"product-type-simple"},"acf":[],"_links":{"self":[{"href":"https:\/\/innocentiemangonipiante.it\/de\/wp-json\/wp\/v2\/product\/68812","targetHints":{"allow":["GET"]}}],"collection":[{"href":"https:\/\/innocentiemangonipiante.it\/de\/wp-json\/wp\/v2\/product"}],"about":[{"href":"https:\/\/innocentiemangonipiante.it\/de\/wp-json\/wp\/v2\/types\/product"}],"wp:featuredmedia":[{"embeddable":true,"href":"https:\/\/innocentiemangonipiante.it\/de\/wp-json\/wp\/v2\/media\/68037"}],"wp:attachment":[{"href":"https:\/\/innocentiemangonipiante.it\/de\/wp-json\/wp\/v2\/media?parent=68812"}],"wp:term":[{"taxonomy":"product_brand","embeddable":true,"href":"https:\/\/innocentiemangonipiante.it\/de\/wp-json\/wp\/v2\/product_brand?post=68812"},{"taxonomy":"product_cat","embeddable":true,"href":"https:\/\/innocentiemangonipiante.it\/de\/wp-json\/wp\/v2\/product_cat?post=68812"},{"taxonomy":"product_tag","embeddable":true,"href":"https:\/\/innocentiemangonipiante.it\/de\/wp-json\/wp\/v2\/product_tag?post=68812"}],"curies":[{"name":"wp","href":"https:\/\/api.w.org\/{rel}","templated":true}]}}