{"id":68813,"date":"2026-01-07T15:41:31","date_gmt":"2026-01-07T14:41:31","guid":{"rendered":"https:\/\/innocentiemangonipiante.it\/pittosporum-tobira-x-heter-green-mound\/"},"modified":"2026-01-07T20:48:11","modified_gmt":"2026-01-07T19:48:11","slug":"pittosporum-tobira-x-heter-green-mound","status":"publish","type":"product","link":"https:\/\/innocentiemangonipiante.it\/de\/pittosporum-tobira-x-heter-green-mound\/","title":{"rendered":"PITTOSPORUM tobira x heter &#8218;Green Mound&#8216; \u00ae"},"content":{"rendered":"<p>Immergr\u00fcner Strauch mit kompaktem Wuchs, abwechselnd angeordneten, ovalen und gl\u00e4nzend dunkelgr\u00fcnen Bl\u00e4ttern. Die Bl\u00fcten sind glockenf\u00f6rmig, wei\u00df-gelb-gr\u00fcnlich gef\u00e4rbt und sehr duftend.<\/p>\n","protected":false},"excerpt":{"rendered":"<p>Immergr\u00fcner Strauch mit kompaktem Wuchs, abwechselnd angeordneten, ovalen und gl\u00e4nzend dunkelgr\u00fcnen Bl\u00e4ttern. Die Bl\u00fcten sind glockenf\u00f6rmig, wei\u00df-gelb-gr\u00fcnlich gef\u00e4rbt und sehr duftend.<\/p>\n","protected":false},"featured_media":68053,"template":"","meta":{"_acf_changed":false},"product_brand":[],"product_cat":[8816],"product_tag":[10898],"class_list":{"0":"post-68813","1":"product","2":"type-product","3":"status-publish","4":"has-post-thumbnail","6":"product_cat-hartnaeckige-baeume-und-straeucher","7":"product_tag-naturlichen","8":"pa_altezza-massima-100-de","9":"pa_altezza-massima-150-de","10":"pa_colore-fioritura-weis","11":"pa_famiglia-pittosporaceae-de","12":"pa_genere-pittosporum-de","13":"pa_origine-frankreich","14":"pa_periodo-fioritura-juni","15":"pa_periodo-fioritura-mai-de","16":"pa_portamento-cespuglioso-de","17":"pa_profumo-intensiv","18":"pa_resistenza-climatica-pflanzen-mit-geringem-klimawiderstand","19":"pa_salinita-bestaendigkeit-in-meeresluft","20":"pa_utilizzo-balkone","21":"pa_utilizzo-hecken","22":"pa_utilizzo-kleine-gaerten","24":"first","25":"instock","26":"purchasable","27":"product-type-simple"},"acf":[],"_links":{"self":[{"href":"https:\/\/innocentiemangonipiante.it\/de\/wp-json\/wp\/v2\/product\/68813","targetHints":{"allow":["GET"]}}],"collection":[{"href":"https:\/\/innocentiemangonipiante.it\/de\/wp-json\/wp\/v2\/product"}],"about":[{"href":"https:\/\/innocentiemangonipiante.it\/de\/wp-json\/wp\/v2\/types\/product"}],"wp:featuredmedia":[{"embeddable":true,"href":"https:\/\/innocentiemangonipiante.it\/de\/wp-json\/wp\/v2\/media\/68053"}],"wp:attachment":[{"href":"https:\/\/innocentiemangonipiante.it\/de\/wp-json\/wp\/v2\/media?parent=68813"}],"wp:term":[{"taxonomy":"product_brand","embeddable":true,"href":"https:\/\/innocentiemangonipiante.it\/de\/wp-json\/wp\/v2\/product_brand?post=68813"},{"taxonomy":"product_cat","embeddable":true,"href":"https:\/\/innocentiemangonipiante.it\/de\/wp-json\/wp\/v2\/product_cat?post=68813"},{"taxonomy":"product_tag","embeddable":true,"href":"https:\/\/innocentiemangonipiante.it\/de\/wp-json\/wp\/v2\/product_tag?post=68813"}],"curies":[{"name":"wp","href":"https:\/\/api.w.org\/{rel}","templated":true}]}}