{"id":68814,"date":"2026-01-07T15:41:52","date_gmt":"2026-01-07T14:41:52","guid":{"rendered":"https:\/\/innocentiemangonipiante.it\/pittosporum-tenifolium-irish-luck\/"},"modified":"2026-01-07T20:48:14","modified_gmt":"2026-01-07T19:48:14","slug":"pittosporum-tenifolium-irish-luck","status":"publish","type":"product","link":"https:\/\/innocentiemangonipiante.it\/de\/pittosporum-tenifolium-irish-luck\/","title":{"rendered":"PITTOSPORUM tenifolium &#8218;Irish Luck&#8216;"},"content":{"rendered":"<p>Immergr\u00fcner, aufrechter und dichter Strauch, interessant wegen seines ledrigen Laubs, gr\u00fcn mit einem feinen silbernen Rand. Die neuen Triebe sind mattgr\u00fcn, w\u00e4hrend die jungen Bl\u00e4tter gl\u00e4nzend sind.<\/p>\n","protected":false},"excerpt":{"rendered":"<p>Immergr\u00fcner, aufrechter und dichter Strauch, interessant wegen seines ledrigen Laubs, gr\u00fcn mit einem feinen silbernen Rand. Die neuen Triebe sind mattgr\u00fcn, w\u00e4hrend die jungen Bl\u00e4tter gl\u00e4nzend sind.<\/p>\n","protected":false},"featured_media":68069,"template":"","meta":{"_acf_changed":false},"product_brand":[],"product_cat":[8816],"product_tag":[10898],"class_list":{"0":"post-68814","1":"product","2":"type-product","3":"status-publish","4":"has-post-thumbnail","6":"product_cat-hartnaeckige-baeume-und-straeucher","7":"product_tag-naturlichen","8":"pa_altezza-massima-250-de","9":"pa_altezza-massima-300-de","10":"pa_colore-delle-foglie-vielfaeltigen","11":"pa_famiglia-pittosporaceae-de","12":"pa_genere-pittosporum-de","13":"pa_origine-neuseeland-de","14":"pa_portamento-eretto-de","15":"pa_resistenza-climatica-sehr-niedrig","16":"pa_salinita-bestaendigkeit-in-meeresluft","17":"pa_utilizzo-hecken","18":"pa_utilizzo-kleine-gaerten","19":"pa_utilizzo-parks-de","21":"first","22":"instock","23":"purchasable","24":"product-type-simple"},"acf":[],"_links":{"self":[{"href":"https:\/\/innocentiemangonipiante.it\/de\/wp-json\/wp\/v2\/product\/68814","targetHints":{"allow":["GET"]}}],"collection":[{"href":"https:\/\/innocentiemangonipiante.it\/de\/wp-json\/wp\/v2\/product"}],"about":[{"href":"https:\/\/innocentiemangonipiante.it\/de\/wp-json\/wp\/v2\/types\/product"}],"wp:featuredmedia":[{"embeddable":true,"href":"https:\/\/innocentiemangonipiante.it\/de\/wp-json\/wp\/v2\/media\/68069"}],"wp:attachment":[{"href":"https:\/\/innocentiemangonipiante.it\/de\/wp-json\/wp\/v2\/media?parent=68814"}],"wp:term":[{"taxonomy":"product_brand","embeddable":true,"href":"https:\/\/innocentiemangonipiante.it\/de\/wp-json\/wp\/v2\/product_brand?post=68814"},{"taxonomy":"product_cat","embeddable":true,"href":"https:\/\/innocentiemangonipiante.it\/de\/wp-json\/wp\/v2\/product_cat?post=68814"},{"taxonomy":"product_tag","embeddable":true,"href":"https:\/\/innocentiemangonipiante.it\/de\/wp-json\/wp\/v2\/product_tag?post=68814"}],"curies":[{"name":"wp","href":"https:\/\/api.w.org\/{rel}","templated":true}]}}