{"id":68815,"date":"2026-01-07T15:42:55","date_gmt":"2026-01-07T14:42:55","guid":{"rendered":"https:\/\/innocentiemangonipiante.it\/pittosporum-tenuifolium-midget\/"},"modified":"2026-01-07T20:48:17","modified_gmt":"2026-01-07T19:48:17","slug":"pittosporum-tenuifolium-midget","status":"publish","type":"product","link":"https:\/\/innocentiemangonipiante.it\/de\/pittosporum-tenuifolium-midget\/","title":{"rendered":"PITTOSPORUM tenuifolium &#8218;Midget&#8216;"},"content":{"rendered":"<p>Immergr\u00fcner Strauch mit nat\u00fcrlicher, kugeliger Wuchsform. Hellgr\u00fcnes, limettenfarbenes Laub. Salzvertr\u00e4glich. Geeignet f\u00fcr Beeteinfassungen und Topfkultur.<\/p>\n","protected":false},"excerpt":{"rendered":"<p>Immergr\u00fcner Strauch mit nat\u00fcrlicher, kugeliger Wuchsform. Hellgr\u00fcnes, limettenfarbenes Laub. Salzvertr\u00e4glich. Geeignet f\u00fcr Beeteinfassungen und Topfkultur.<\/p>\n","protected":false},"featured_media":68110,"template":"","meta":{"_acf_changed":false},"product_brand":[],"product_cat":[8816],"product_tag":[10898],"class_list":{"0":"post-68815","1":"product","2":"type-product","3":"status-publish","4":"has-post-thumbnail","6":"product_cat-hartnaeckige-baeume-und-straeucher","7":"product_tag-naturlichen","8":"pa_altezza-massima-0_50-meter","9":"pa_altezza-massima-0_80-meter","10":"pa_famiglia-pittosporaceae-de","11":"pa_genere-pittosporum-de","12":"pa_origine-neuseeland-de","13":"pa_portamento-arrotondato-de","14":"pa_resistenza-climatica-mittel-hoch","15":"pa_salinita-bestaendigkeit-in-meeresluft","16":"pa_utilizzo-balkone","17":"pa_utilizzo-hecken","18":"pa_utilizzo-kleine-gaerten","20":"first","21":"instock","22":"purchasable","23":"product-type-simple"},"acf":[],"_links":{"self":[{"href":"https:\/\/innocentiemangonipiante.it\/de\/wp-json\/wp\/v2\/product\/68815","targetHints":{"allow":["GET"]}}],"collection":[{"href":"https:\/\/innocentiemangonipiante.it\/de\/wp-json\/wp\/v2\/product"}],"about":[{"href":"https:\/\/innocentiemangonipiante.it\/de\/wp-json\/wp\/v2\/types\/product"}],"wp:featuredmedia":[{"embeddable":true,"href":"https:\/\/innocentiemangonipiante.it\/de\/wp-json\/wp\/v2\/media\/68110"}],"wp:attachment":[{"href":"https:\/\/innocentiemangonipiante.it\/de\/wp-json\/wp\/v2\/media?parent=68815"}],"wp:term":[{"taxonomy":"product_brand","embeddable":true,"href":"https:\/\/innocentiemangonipiante.it\/de\/wp-json\/wp\/v2\/product_brand?post=68815"},{"taxonomy":"product_cat","embeddable":true,"href":"https:\/\/innocentiemangonipiante.it\/de\/wp-json\/wp\/v2\/product_cat?post=68815"},{"taxonomy":"product_tag","embeddable":true,"href":"https:\/\/innocentiemangonipiante.it\/de\/wp-json\/wp\/v2\/product_tag?post=68815"}],"curies":[{"name":"wp","href":"https:\/\/api.w.org\/{rel}","templated":true}]}}