{"id":68816,"date":"2026-01-07T15:43:10","date_gmt":"2026-01-07T14:43:10","guid":{"rendered":"https:\/\/innocentiemangonipiante.it\/pittosporum-tenuifolium-beach-ball\/"},"modified":"2026-01-07T20:48:20","modified_gmt":"2026-01-07T19:48:20","slug":"pittosporum-tenuifolium-beach-ball","status":"publish","type":"product","link":"https:\/\/innocentiemangonipiante.it\/de\/pittosporum-tenuifolium-beach-ball\/","title":{"rendered":"PITTOSPORUM tenuifolium &#8218;Beach Ball&#8216; \u00ae"},"content":{"rendered":"<p>Nat\u00fcrlich kugelf\u00f6rmige Sorte, die nur wenig Schnitt erfordert. Laub zun\u00e4chst hellgr\u00fcn, sp\u00e4ter graugr\u00fcn bei Reife.<\/p>\n","protected":false},"excerpt":{"rendered":"<p>Nat\u00fcrlich kugelf\u00f6rmige Sorte, die nur wenig Schnitt erfordert. Laub zun\u00e4chst hellgr\u00fcn, sp\u00e4ter graugr\u00fcn bei Reife.<\/p>\n","protected":false},"featured_media":68116,"template":"","meta":{"_acf_changed":false},"product_brand":[],"product_cat":[8816],"product_tag":[10898],"class_list":{"0":"post-68816","1":"product","2":"type-product","3":"status-publish","4":"has-post-thumbnail","6":"product_cat-hartnaeckige-baeume-und-straeucher","7":"product_tag-naturlichen","8":"pa_altezza-massima-0_80-meter","9":"pa_altezza-massima-100-de","10":"pa_colore-fioritura-violett","11":"pa_famiglia-pittosporaceae-de","12":"pa_genere-pittosporum-de","13":"pa_origine-neuseeland-de","14":"pa_periodo-fioritura-juni","15":"pa_periodo-fioritura-mai-de","16":"pa_portamento-arrotondato-de","17":"pa_profumo-intensiv","18":"pa_resistenza-climatica-pflanzen-mit-geringem-klimawiderstand","19":"pa_salinita-bestaendigkeit-in-meeresluft","20":"pa_utilizzo-bordueren","21":"pa_utilizzo-hecken","22":"pa_utilizzo-kleine-gaerten","24":"first","25":"instock","26":"purchasable","27":"product-type-simple"},"acf":[],"_links":{"self":[{"href":"https:\/\/innocentiemangonipiante.it\/de\/wp-json\/wp\/v2\/product\/68816","targetHints":{"allow":["GET"]}}],"collection":[{"href":"https:\/\/innocentiemangonipiante.it\/de\/wp-json\/wp\/v2\/product"}],"about":[{"href":"https:\/\/innocentiemangonipiante.it\/de\/wp-json\/wp\/v2\/types\/product"}],"wp:featuredmedia":[{"embeddable":true,"href":"https:\/\/innocentiemangonipiante.it\/de\/wp-json\/wp\/v2\/media\/68116"}],"wp:attachment":[{"href":"https:\/\/innocentiemangonipiante.it\/de\/wp-json\/wp\/v2\/media?parent=68816"}],"wp:term":[{"taxonomy":"product_brand","embeddable":true,"href":"https:\/\/innocentiemangonipiante.it\/de\/wp-json\/wp\/v2\/product_brand?post=68816"},{"taxonomy":"product_cat","embeddable":true,"href":"https:\/\/innocentiemangonipiante.it\/de\/wp-json\/wp\/v2\/product_cat?post=68816"},{"taxonomy":"product_tag","embeddable":true,"href":"https:\/\/innocentiemangonipiante.it\/de\/wp-json\/wp\/v2\/product_tag?post=68816"}],"curies":[{"name":"wp","href":"https:\/\/api.w.org\/{rel}","templated":true}]}}