{"id":68817,"date":"2026-01-07T15:48:06","date_gmt":"2026-01-07T14:48:06","guid":{"rendered":"https:\/\/innocentiemangonipiante.it\/podocarpus-macrophyllus-mood-ring\/"},"modified":"2026-01-07T20:48:25","modified_gmt":"2026-01-07T19:48:25","slug":"podocarpus-macrophyllus-mood-ring","status":"publish","type":"product","link":"https:\/\/innocentiemangonipiante.it\/de\/podocarpus-macrophyllus-mood-ring\/","title":{"rendered":"PODOCARPUS macrophyllus &#8218;Mood Ring&#8216;"},"content":{"rendered":"<p>Aufrechter und dichter Strauch mit bronzerotem Neuaustrieb im Fr\u00fchling und Herbst. Geeignet f\u00fcr Beete und Hecken, auch als Windschutz; er ist k\u00e4lteresistent und sonnenvertr\u00e4glich.<\/p>\n","protected":false},"excerpt":{"rendered":"<p>Aufrechter und dichter Strauch mit bronzerotem Neuaustrieb im Fr\u00fchling und Herbst. Geeignet f\u00fcr Beete und Hecken, auch als Windschutz; er ist k\u00e4lteresistent und sonnenvertr\u00e4glich.<\/p>\n","protected":false},"featured_media":68192,"template":"","meta":{"_acf_changed":false},"product_brand":[],"product_cat":[8825],"product_tag":[10898],"class_list":{"0":"post-68817","1":"product","2":"type-product","3":"status-publish","4":"has-post-thumbnail","6":"product_cat-koniferen","7":"product_tag-naturlichen","8":"pa_altezza-massima-0_50-meter","9":"pa_altezza-massima-500-de","10":"pa_famiglia-podocarpaceae","11":"pa_genere-podocarpus","12":"pa_origine-japan-de","13":"pa_portamento-eretto-de","14":"pa_resistenza-climatica-mittel-hoch","15":"pa_utilizzo-balkone","16":"pa_utilizzo-hecken","17":"pa_utilizzo-kleine-gaerten","18":"pa_utilizzo-parks-de","20":"first","21":"instock","22":"purchasable","23":"product-type-simple"},"acf":[],"_links":{"self":[{"href":"https:\/\/innocentiemangonipiante.it\/de\/wp-json\/wp\/v2\/product\/68817","targetHints":{"allow":["GET"]}}],"collection":[{"href":"https:\/\/innocentiemangonipiante.it\/de\/wp-json\/wp\/v2\/product"}],"about":[{"href":"https:\/\/innocentiemangonipiante.it\/de\/wp-json\/wp\/v2\/types\/product"}],"wp:featuredmedia":[{"embeddable":true,"href":"https:\/\/innocentiemangonipiante.it\/de\/wp-json\/wp\/v2\/media\/68192"}],"wp:attachment":[{"href":"https:\/\/innocentiemangonipiante.it\/de\/wp-json\/wp\/v2\/media?parent=68817"}],"wp:term":[{"taxonomy":"product_brand","embeddable":true,"href":"https:\/\/innocentiemangonipiante.it\/de\/wp-json\/wp\/v2\/product_brand?post=68817"},{"taxonomy":"product_cat","embeddable":true,"href":"https:\/\/innocentiemangonipiante.it\/de\/wp-json\/wp\/v2\/product_cat?post=68817"},{"taxonomy":"product_tag","embeddable":true,"href":"https:\/\/innocentiemangonipiante.it\/de\/wp-json\/wp\/v2\/product_tag?post=68817"}],"curies":[{"name":"wp","href":"https:\/\/api.w.org\/{rel}","templated":true}]}}