{"id":68818,"date":"2026-01-07T15:49:06","date_gmt":"2026-01-07T14:49:06","guid":{"rendered":"https:\/\/innocentiemangonipiante.it\/prunus-laurocerasus-otto-supreme\/"},"modified":"2026-01-07T20:48:30","modified_gmt":"2026-01-07T19:48:30","slug":"prunus-laurocerasus-otto-supreme","status":"publish","type":"product","link":"https:\/\/innocentiemangonipiante.it\/de\/prunus-laurocerasus-otto-supreme\/","title":{"rendered":"PRUNUS laurocerasus &#8218;Otto Supreme&#8216; \u00ae"},"content":{"rendered":"<p>Immergr\u00fcner Strauch mit dunkelgr\u00fcnen Bl\u00e4ttern und wei\u00dfen Bl\u00fcten im Fr\u00fchling. Aufrechter Wuchs, geeignet f\u00fcr kleine Hecken oder im Topf auf dem Balkon.<\/p>\n","protected":false},"excerpt":{"rendered":"<p>Immergr\u00fcner Strauch mit dunkelgr\u00fcnen Bl\u00e4ttern und wei\u00dfen Bl\u00fcten im Fr\u00fchling. Aufrechter Wuchs, geeignet f\u00fcr kleine Hecken oder im Topf auf dem Balkon.<\/p>\n","protected":false},"featured_media":68248,"template":"","meta":{"_acf_changed":false},"product_brand":[],"product_cat":[8813],"product_tag":[10898],"class_list":{"0":"post-68818","1":"product","2":"type-product","3":"status-publish","4":"has-post-thumbnail","6":"product_cat-laubbaume-und-straucher","7":"product_tag-naturlichen","8":"pa_altezza-massima-150-de","9":"pa_colore-fioritura-weis","10":"pa_famiglia-rosaceae-de","11":"pa_genere-prunus-de","12":"pa_origine-holland-de","13":"pa_periodo-fioritura-april-de","14":"pa_periodo-fioritura-maerz","15":"pa_portamento-eretto-de","16":"pa_resistenza-climatica-sehr-hoch","17":"pa_utilizzo-balkone","18":"pa_utilizzo-hecken","19":"pa_utilizzo-kleine-gaerten","20":"pa_utilizzo-parks-de","22":"first","23":"instock","24":"purchasable","25":"product-type-simple"},"acf":[],"_links":{"self":[{"href":"https:\/\/innocentiemangonipiante.it\/de\/wp-json\/wp\/v2\/product\/68818","targetHints":{"allow":["GET"]}}],"collection":[{"href":"https:\/\/innocentiemangonipiante.it\/de\/wp-json\/wp\/v2\/product"}],"about":[{"href":"https:\/\/innocentiemangonipiante.it\/de\/wp-json\/wp\/v2\/types\/product"}],"wp:featuredmedia":[{"embeddable":true,"href":"https:\/\/innocentiemangonipiante.it\/de\/wp-json\/wp\/v2\/media\/68248"}],"wp:attachment":[{"href":"https:\/\/innocentiemangonipiante.it\/de\/wp-json\/wp\/v2\/media?parent=68818"}],"wp:term":[{"taxonomy":"product_brand","embeddable":true,"href":"https:\/\/innocentiemangonipiante.it\/de\/wp-json\/wp\/v2\/product_brand?post=68818"},{"taxonomy":"product_cat","embeddable":true,"href":"https:\/\/innocentiemangonipiante.it\/de\/wp-json\/wp\/v2\/product_cat?post=68818"},{"taxonomy":"product_tag","embeddable":true,"href":"https:\/\/innocentiemangonipiante.it\/de\/wp-json\/wp\/v2\/product_tag?post=68818"}],"curies":[{"name":"wp","href":"https:\/\/api.w.org\/{rel}","templated":true}]}}