{"id":68819,"date":"2026-01-07T15:49:31","date_gmt":"2026-01-07T14:49:31","guid":{"rendered":"https:\/\/innocentiemangonipiante.it\/sarcococca-ruscifolia-dragons-gate\/"},"modified":"2026-01-07T20:48:33","modified_gmt":"2026-01-07T19:48:33","slug":"sarcococca-ruscifolia-dragons-gate","status":"publish","type":"product","link":"https:\/\/innocentiemangonipiante.it\/de\/sarcococca-ruscifolia-dragons-gate\/","title":{"rendered":"SARCOCOCCA ruscifolia &#8218;Dragon&#8217;s Gate&#8216;"},"content":{"rendered":"<p>Immergr\u00fcner Strauch mit l\u00e4nglichen, gl\u00e4nzend dunkelgr\u00fcnen Bl\u00e4ttern. Duftende Winterbl\u00fcte, gefolgt von gl\u00e4nzenden roten Beeren. Eine Unterholzpflanze, die Schatten oder Halbschatten ben\u00f6tigt und wenig Pflege erfordert.<\/p>\n","protected":false},"excerpt":{"rendered":"<p>Immergr\u00fcner Strauch mit l\u00e4nglichen, gl\u00e4nzend dunkelgr\u00fcnen Bl\u00e4ttern. Duftende Winterbl\u00fcte, gefolgt von gl\u00e4nzenden roten Beeren. Eine Unterholzpflanze, die Schatten oder Halbschatten ben\u00f6tigt und wenig Pflege erfordert.<\/p>\n","protected":false},"featured_media":68284,"template":"","meta":{"_acf_changed":false},"product_brand":[],"product_cat":[8816],"product_tag":[10898],"class_list":{"0":"post-68819","1":"product","2":"type-product","3":"status-publish","4":"has-post-thumbnail","6":"product_cat-hartnaeckige-baeume-und-straeucher","7":"product_tag-naturlichen","8":"pa_altezza-massima-100-de","9":"pa_colore-fioritura-weis","10":"pa_famiglia-buxaceae-de","11":"pa_genere-sarcococca-de","12":"pa_origine-china-de","13":"pa_periodo-fioritura-februar","14":"pa_periodo-fioritura-januar","15":"pa_portamento-eretto-de","16":"pa_profumo-intensiv","17":"pa_resistenza-climatica-sehr-hoch","18":"pa_utilizzo-kleine-gaerten","19":"pa_utilizzo-parks-de","21":"first","22":"instock","23":"purchasable","24":"product-type-simple"},"acf":[],"_links":{"self":[{"href":"https:\/\/innocentiemangonipiante.it\/de\/wp-json\/wp\/v2\/product\/68819","targetHints":{"allow":["GET"]}}],"collection":[{"href":"https:\/\/innocentiemangonipiante.it\/de\/wp-json\/wp\/v2\/product"}],"about":[{"href":"https:\/\/innocentiemangonipiante.it\/de\/wp-json\/wp\/v2\/types\/product"}],"wp:featuredmedia":[{"embeddable":true,"href":"https:\/\/innocentiemangonipiante.it\/de\/wp-json\/wp\/v2\/media\/68284"}],"wp:attachment":[{"href":"https:\/\/innocentiemangonipiante.it\/de\/wp-json\/wp\/v2\/media?parent=68819"}],"wp:term":[{"taxonomy":"product_brand","embeddable":true,"href":"https:\/\/innocentiemangonipiante.it\/de\/wp-json\/wp\/v2\/product_brand?post=68819"},{"taxonomy":"product_cat","embeddable":true,"href":"https:\/\/innocentiemangonipiante.it\/de\/wp-json\/wp\/v2\/product_cat?post=68819"},{"taxonomy":"product_tag","embeddable":true,"href":"https:\/\/innocentiemangonipiante.it\/de\/wp-json\/wp\/v2\/product_tag?post=68819"}],"curies":[{"name":"wp","href":"https:\/\/api.w.org\/{rel}","templated":true}]}}