{"id":68820,"date":"2026-01-07T15:49:48","date_gmt":"2026-01-07T14:49:48","guid":{"rendered":"https:\/\/innocentiemangonipiante.it\/sciadopitys-verticillata-winter-green\/"},"modified":"2026-01-07T20:48:36","modified_gmt":"2026-01-07T19:48:36","slug":"sciadopitys-verticillata-winter-green","status":"publish","type":"product","link":"https:\/\/innocentiemangonipiante.it\/de\/sciadopitys-verticillata-winter-green\/","title":{"rendered":"SCIADOPITYS verticillata &#8218;Winter Green&#8216;"},"content":{"rendered":"<p>Variet\u00e4t mit gl\u00e4nzend dunkelgr\u00fcnen Nadeln, die im Winter bestehen bleiben.<\/p>\n","protected":false},"excerpt":{"rendered":"<p>Variet\u00e4t mit gl\u00e4nzend dunkelgr\u00fcnen Nadeln, die im Winter bestehen bleiben.<\/p>\n","protected":false},"featured_media":68300,"template":"","meta":{"_acf_changed":false},"product_brand":[],"product_cat":[8825],"product_tag":[10898],"class_list":{"0":"post-68820","1":"product","2":"type-product","3":"status-publish","4":"has-post-thumbnail","6":"product_cat-koniferen","7":"product_tag-naturlichen","8":"pa_altezza-massima-1000-de-2","9":"pa_altezza-massima-20-meter","10":"pa_famiglia-sciadopityaceae-de","11":"pa_genere-sciadopitys-de","12":"pa_origine-u-s-a","13":"pa_portamento-conico-de","14":"pa_resistenza-climatica-sehr-hoch","15":"pa_utilizzo-parks-de","17":"first","18":"instock","19":"purchasable","20":"product-type-simple"},"acf":[],"_links":{"self":[{"href":"https:\/\/innocentiemangonipiante.it\/de\/wp-json\/wp\/v2\/product\/68820","targetHints":{"allow":["GET"]}}],"collection":[{"href":"https:\/\/innocentiemangonipiante.it\/de\/wp-json\/wp\/v2\/product"}],"about":[{"href":"https:\/\/innocentiemangonipiante.it\/de\/wp-json\/wp\/v2\/types\/product"}],"wp:featuredmedia":[{"embeddable":true,"href":"https:\/\/innocentiemangonipiante.it\/de\/wp-json\/wp\/v2\/media\/68300"}],"wp:attachment":[{"href":"https:\/\/innocentiemangonipiante.it\/de\/wp-json\/wp\/v2\/media?parent=68820"}],"wp:term":[{"taxonomy":"product_brand","embeddable":true,"href":"https:\/\/innocentiemangonipiante.it\/de\/wp-json\/wp\/v2\/product_brand?post=68820"},{"taxonomy":"product_cat","embeddable":true,"href":"https:\/\/innocentiemangonipiante.it\/de\/wp-json\/wp\/v2\/product_cat?post=68820"},{"taxonomy":"product_tag","embeddable":true,"href":"https:\/\/innocentiemangonipiante.it\/de\/wp-json\/wp\/v2\/product_tag?post=68820"}],"curies":[{"name":"wp","href":"https:\/\/api.w.org\/{rel}","templated":true}]}}