{"id":68821,"date":"2026-01-07T15:50:01","date_gmt":"2026-01-07T14:50:01","guid":{"rendered":"https:\/\/innocentiemangonipiante.it\/sophora-microphylla-sun-king\/"},"modified":"2026-01-07T20:48:39","modified_gmt":"2026-01-07T19:48:39","slug":"sophora-microphylla-sun-king","status":"publish","type":"product","link":"https:\/\/innocentiemangonipiante.it\/de\/sophora-microphylla-sun-king\/","title":{"rendered":"SOPHORA microphylla &#8217;sun King&#8216;"},"content":{"rendered":"<p>mmergr\u00fcner Strauch mit dunkelgr\u00fcnen, gl\u00e4nzenden gefiederten Bl\u00e4ttern. Die Bl\u00fcte erfolgt entlang der Zweige in B\u00fcscheln aus leuchtend gelben, h\u00e4ngenden, glockenf\u00f6rmigen Bl\u00fcten. Gedeiht in voller Sonne, sowohl im Boden als auch in gro\u00dfen T\u00f6pfen.<\/p>\n","protected":false},"excerpt":{"rendered":"<p>mmergr\u00fcner Strauch mit dunkelgr\u00fcnen, gl\u00e4nzenden gefiederten Bl\u00e4ttern. Die Bl\u00fcte erfolgt entlang der Zweige in B\u00fcscheln aus leuchtend gelben, h\u00e4ngenden, glockenf\u00f6rmigen Bl\u00fcten. Gedeiht in voller Sonne, sowohl im Boden als auch in gro\u00dfen T\u00f6pfen.<\/p>\n","protected":false},"featured_media":68311,"template":"","meta":{"_acf_changed":false},"product_brand":[],"product_cat":[8813],"product_tag":[10898],"class_list":{"0":"post-68821","1":"product","2":"type-product","3":"status-publish","4":"has-post-thumbnail","6":"product_cat-laubbaume-und-straucher","7":"product_tag-naturlichen","8":"pa_altezza-massima-200-de","9":"pa_altezza-massima-300-de","10":"pa_colore-fioritura-gelbe","11":"pa_famiglia-leguminosae-de","12":"pa_genere-sophora-de","13":"pa_origine-neuseeland-de","14":"pa_periodo-fioritura-april-de","15":"pa_periodo-fioritura-mai-de","16":"pa_portamento-eretto-de","17":"pa_resistenza-climatica-sehr-hoch","18":"pa_salinita-bestaendigkeit-in-meeresluft","19":"pa_utilizzo-balkone","20":"pa_utilizzo-kleine-gaerten","21":"pa_utilizzo-parks-de","23":"first","24":"instock","25":"purchasable","26":"product-type-simple"},"acf":[],"_links":{"self":[{"href":"https:\/\/innocentiemangonipiante.it\/de\/wp-json\/wp\/v2\/product\/68821","targetHints":{"allow":["GET"]}}],"collection":[{"href":"https:\/\/innocentiemangonipiante.it\/de\/wp-json\/wp\/v2\/product"}],"about":[{"href":"https:\/\/innocentiemangonipiante.it\/de\/wp-json\/wp\/v2\/types\/product"}],"wp:featuredmedia":[{"embeddable":true,"href":"https:\/\/innocentiemangonipiante.it\/de\/wp-json\/wp\/v2\/media\/68311"}],"wp:attachment":[{"href":"https:\/\/innocentiemangonipiante.it\/de\/wp-json\/wp\/v2\/media?parent=68821"}],"wp:term":[{"taxonomy":"product_brand","embeddable":true,"href":"https:\/\/innocentiemangonipiante.it\/de\/wp-json\/wp\/v2\/product_brand?post=68821"},{"taxonomy":"product_cat","embeddable":true,"href":"https:\/\/innocentiemangonipiante.it\/de\/wp-json\/wp\/v2\/product_cat?post=68821"},{"taxonomy":"product_tag","embeddable":true,"href":"https:\/\/innocentiemangonipiante.it\/de\/wp-json\/wp\/v2\/product_tag?post=68821"}],"curies":[{"name":"wp","href":"https:\/\/api.w.org\/{rel}","templated":true}]}}