{"id":68822,"date":"2026-01-07T15:50:18","date_gmt":"2026-01-07T14:50:18","guid":{"rendered":"https:\/\/innocentiemangonipiante.it\/rhyncospermum-jasminoides-star-of-milano\/"},"modified":"2026-01-07T20:48:42","modified_gmt":"2026-01-07T19:48:42","slug":"rhyncospermum-jasminoides-star-of-milano","status":"publish","type":"product","link":"https:\/\/innocentiemangonipiante.it\/de\/rhyncospermum-jasminoides-star-of-milano\/","title":{"rendered":"RHYNCOSPERMUM jasminoides &#8218;Star of Milano&#8216; \u00ae"},"content":{"rendered":"<p>Gl\u00e4nzende dunkelgr\u00fcne Bl\u00e4tter mit cremewei\u00dfer Panaschierung. Lange Bl\u00fctezeit von Mai bis September mit duftenden rosa Bl\u00fcten. Bevorzugt einen sonnigen Standort und ist trockenheitsresistent.<\/p>\n","protected":false},"excerpt":{"rendered":"<p>Gl\u00e4nzende dunkelgr\u00fcne Bl\u00e4tter mit cremewei\u00dfer Panaschierung. Lange Bl\u00fctezeit von Mai bis September mit duftenden rosa Bl\u00fcten. Bevorzugt einen sonnigen Standort und ist trockenheitsresistent.<\/p>\n","protected":false},"featured_media":68322,"template":"","meta":{"_acf_changed":false},"product_brand":[],"product_cat":[8837],"product_tag":[10898],"class_list":{"0":"post-68822","1":"product","2":"type-product","3":"status-publish","4":"has-post-thumbnail","6":"product_cat-schlingpflanzen","7":"product_tag-naturlichen","8":"pa_altezza-massima-200-de","9":"pa_altezza-massima-300-de","10":"pa_colore-delle-foglie-vielfaeltigen","11":"pa_colore-fioritura-rose-de","12":"pa_famiglia-apocynaceae-de","13":"pa_genere-rhyncospermum-de","14":"pa_origine-japan-de","15":"pa_periodo-fioritura-august-de","16":"pa_periodo-fioritura-juli","17":"pa_periodo-fioritura-juni","18":"pa_periodo-fioritura-mai-de","19":"pa_periodo-fioritura-september-de","20":"pa_portamento-schlingpflanze","21":"pa_profumo-intensiv","22":"pa_resistenza-climatica-mittel-hoch","23":"pa_utilizzo-balkone","24":"pa_utilizzo-kleine-gaerten","25":"pa_utilizzo-parks-de","27":"first","28":"instock","29":"purchasable","30":"product-type-simple"},"acf":[],"_links":{"self":[{"href":"https:\/\/innocentiemangonipiante.it\/de\/wp-json\/wp\/v2\/product\/68822","targetHints":{"allow":["GET"]}}],"collection":[{"href":"https:\/\/innocentiemangonipiante.it\/de\/wp-json\/wp\/v2\/product"}],"about":[{"href":"https:\/\/innocentiemangonipiante.it\/de\/wp-json\/wp\/v2\/types\/product"}],"wp:featuredmedia":[{"embeddable":true,"href":"https:\/\/innocentiemangonipiante.it\/de\/wp-json\/wp\/v2\/media\/68322"}],"wp:attachment":[{"href":"https:\/\/innocentiemangonipiante.it\/de\/wp-json\/wp\/v2\/media?parent=68822"}],"wp:term":[{"taxonomy":"product_brand","embeddable":true,"href":"https:\/\/innocentiemangonipiante.it\/de\/wp-json\/wp\/v2\/product_brand?post=68822"},{"taxonomy":"product_cat","embeddable":true,"href":"https:\/\/innocentiemangonipiante.it\/de\/wp-json\/wp\/v2\/product_cat?post=68822"},{"taxonomy":"product_tag","embeddable":true,"href":"https:\/\/innocentiemangonipiante.it\/de\/wp-json\/wp\/v2\/product_tag?post=68822"}],"curies":[{"name":"wp","href":"https:\/\/api.w.org\/{rel}","templated":true}]}}