{"id":68823,"date":"2026-01-07T15:51:53","date_gmt":"2026-01-07T14:51:53","guid":{"rendered":"https:\/\/innocentiemangonipiante.it\/viburnum-tinus-rockn-rolla\/"},"modified":"2026-01-07T20:48:45","modified_gmt":"2026-01-07T19:48:45","slug":"viburnum-tinus-rockn-rolla","status":"publish","type":"product","link":"https:\/\/innocentiemangonipiante.it\/de\/viburnum-tinus-rockn-rolla\/","title":{"rendered":"VIBURNUM tinus &#8218;Rock&#8217;n Rolla&#8216; \u00ae"},"content":{"rendered":"<p>Immergr\u00fcner Strauch mit gro\u00dfen, gl\u00e4nzend gr\u00fcnen Bl\u00e4ttern, w\u00e4hrend die jungen Triebe kupferrot sind. Die Bl\u00fctezeit reicht vom Sp\u00e4twinter bis zum Fr\u00fchlingsbeginn, mit rosa Knospen, die sich zu gro\u00dfen wei\u00dfen Bl\u00fcten \u00f6ffnen.<\/p>\n","protected":false},"excerpt":{"rendered":"<p>Immergr\u00fcner Strauch mit gro\u00dfen, gl\u00e4nzend gr\u00fcnen Bl\u00e4ttern, w\u00e4hrend die jungen Triebe kupferrot sind. Die Bl\u00fctezeit reicht vom Sp\u00e4twinter bis zum Fr\u00fchlingsbeginn, mit rosa Knospen, die sich zu gro\u00dfen wei\u00dfen Bl\u00fcten \u00f6ffnen.<\/p>\n","protected":false},"featured_media":68348,"template":"","meta":{"_acf_changed":false},"product_brand":[],"product_cat":[8318],"product_tag":[10898],"class_list":{"0":"post-68823","1":"product","2":"type-product","3":"status-publish","4":"has-post-thumbnail","6":"product_cat-keine-kategorie","7":"product_tag-naturlichen","8":"pa_altezza-massima-100-de","9":"pa_altezza-massima-120-de","10":"pa_colore-fioritura-weis","11":"pa_famiglia-caprifoliaceae-de","12":"pa_genere-viburnum-de","13":"pa_origine-holland-de","14":"pa_periodo-fioritura-april-de","15":"pa_periodo-fioritura-februar","16":"pa_periodo-fioritura-maerz","17":"pa_portamento-cespuglioso-de","18":"pa_resistenza-climatica-mittel-hoch","19":"pa_salinita-bestaendigkeit-in-meeresluft","20":"pa_utilizzo-balkone","21":"pa_utilizzo-bordueren","22":"pa_utilizzo-kleine-gaerten","24":"first","25":"instock","26":"purchasable","27":"product-type-simple"},"acf":[],"_links":{"self":[{"href":"https:\/\/innocentiemangonipiante.it\/de\/wp-json\/wp\/v2\/product\/68823","targetHints":{"allow":["GET"]}}],"collection":[{"href":"https:\/\/innocentiemangonipiante.it\/de\/wp-json\/wp\/v2\/product"}],"about":[{"href":"https:\/\/innocentiemangonipiante.it\/de\/wp-json\/wp\/v2\/types\/product"}],"wp:featuredmedia":[{"embeddable":true,"href":"https:\/\/innocentiemangonipiante.it\/de\/wp-json\/wp\/v2\/media\/68348"}],"wp:attachment":[{"href":"https:\/\/innocentiemangonipiante.it\/de\/wp-json\/wp\/v2\/media?parent=68823"}],"wp:term":[{"taxonomy":"product_brand","embeddable":true,"href":"https:\/\/innocentiemangonipiante.it\/de\/wp-json\/wp\/v2\/product_brand?post=68823"},{"taxonomy":"product_cat","embeddable":true,"href":"https:\/\/innocentiemangonipiante.it\/de\/wp-json\/wp\/v2\/product_cat?post=68823"},{"taxonomy":"product_tag","embeddable":true,"href":"https:\/\/innocentiemangonipiante.it\/de\/wp-json\/wp\/v2\/product_tag?post=68823"}],"curies":[{"name":"wp","href":"https:\/\/api.w.org\/{rel}","templated":true}]}}