{"id":68824,"date":"2026-01-07T15:54:06","date_gmt":"2026-01-07T14:54:06","guid":{"rendered":"https:\/\/innocentiemangonipiante.it\/vitex-chicagoland-blues\/"},"modified":"2026-01-07T20:49:21","modified_gmt":"2026-01-07T19:49:21","slug":"vitex-chicagoland-blues","status":"publish","type":"product","link":"https:\/\/innocentiemangonipiante.it\/de\/vitex-chicagoland-blues\/","title":{"rendered":"VITEX &#8218;Chicagoland Blues&#8216; \u00ae"},"content":{"rendered":"<p>Kompakt und rundlich wachsende Sorte. Au\u00dfergew\u00f6hnlich lange Bl\u00fcten an schwarzen Stielen. \u00c4u\u00dferst trockenheits- und k\u00e4lteresistent sowie pflegeleicht.<\/p>\n","protected":false},"excerpt":{"rendered":"<p>Kompakt und rundlich wachsende Sorte. Au\u00dfergew\u00f6hnlich lange Bl\u00fcten an schwarzen Stielen. \u00c4u\u00dferst trockenheits- und k\u00e4lteresistent sowie pflegeleicht.<\/p>\n","protected":false},"featured_media":68434,"template":"","meta":{"_acf_changed":false},"product_brand":[],"product_cat":[8813],"product_tag":[10898],"class_list":{"0":"post-68824","1":"product","2":"type-product","3":"status-publish","4":"has-post-thumbnail","6":"product_cat-laubbaume-und-straucher","7":"product_tag-naturlichen","8":"pa_altezza-massima-0_50-meter","9":"pa_altezza-massima-150-de","10":"pa_colore-fioritura-violett","11":"pa_famiglia-verbenaceae-de","12":"pa_genere-vitex-de","13":"pa_origine-u-s-a","14":"pa_periodo-fioritura-august-de","15":"pa_periodo-fioritura-juli","16":"pa_portamento-arrotondato-de","17":"pa_resistenza-climatica-mittel-hoch","18":"pa_salinita-bestaendigkeit-in-meeresluft","19":"pa_utilizzo-bordueren","20":"pa_utilizzo-kleine-gaerten","22":"first","23":"instock","24":"purchasable","25":"product-type-simple"},"acf":[],"_links":{"self":[{"href":"https:\/\/innocentiemangonipiante.it\/de\/wp-json\/wp\/v2\/product\/68824","targetHints":{"allow":["GET"]}}],"collection":[{"href":"https:\/\/innocentiemangonipiante.it\/de\/wp-json\/wp\/v2\/product"}],"about":[{"href":"https:\/\/innocentiemangonipiante.it\/de\/wp-json\/wp\/v2\/types\/product"}],"wp:featuredmedia":[{"embeddable":true,"href":"https:\/\/innocentiemangonipiante.it\/de\/wp-json\/wp\/v2\/media\/68434"}],"wp:attachment":[{"href":"https:\/\/innocentiemangonipiante.it\/de\/wp-json\/wp\/v2\/media?parent=68824"}],"wp:term":[{"taxonomy":"product_brand","embeddable":true,"href":"https:\/\/innocentiemangonipiante.it\/de\/wp-json\/wp\/v2\/product_brand?post=68824"},{"taxonomy":"product_cat","embeddable":true,"href":"https:\/\/innocentiemangonipiante.it\/de\/wp-json\/wp\/v2\/product_cat?post=68824"},{"taxonomy":"product_tag","embeddable":true,"href":"https:\/\/innocentiemangonipiante.it\/de\/wp-json\/wp\/v2\/product_tag?post=68824"}],"curies":[{"name":"wp","href":"https:\/\/api.w.org\/{rel}","templated":true}]}}