{"id":68825,"date":"2026-01-07T15:54:24","date_gmt":"2026-01-07T14:54:24","guid":{"rendered":"https:\/\/innocentiemangonipiante.it\/yucca-rostrata-french-flag\/"},"modified":"2026-01-07T20:49:24","modified_gmt":"2026-01-07T19:49:24","slug":"yucca-rostrata-french-flag","status":"publish","type":"product","link":"https:\/\/innocentiemangonipiante.it\/de\/yucca-rostrata-french-flag\/","title":{"rendered":"YUCCA rostrata &#8218;French Flag&#8216;"},"content":{"rendered":"<p>Eine Sorte mit breiteren Bl\u00e4ttern als die typische Art, in einem auff\u00e4lligen Blauton, die eine kugelf\u00f6rmige Gestalt von bis zu einem Meter Durchmesser bildet.<\/p>\n","protected":false},"excerpt":{"rendered":"<p>Eine Sorte mit breiteren Bl\u00e4ttern als die typische Art, in einem auff\u00e4lligen Blauton, die eine kugelf\u00f6rmige Gestalt von bis zu einem Meter Durchmesser bildet.<\/p>\n","protected":false},"featured_media":68440,"template":"","meta":{"_acf_changed":false},"product_brand":[],"product_cat":[8832],"product_tag":[10898],"class_list":{"0":"post-68825","1":"product","2":"type-product","3":"status-publish","4":"has-post-thumbnail","6":"product_cat-palmartig-und-saftig","7":"product_tag-naturlichen","8":"pa_altezza-massima-200-de","9":"pa_altezza-massima-300-de","10":"pa_colore-delle-foglie-blau","11":"pa_colore-fioritura-weis","12":"pa_famiglia-agavaceae-de","13":"pa_genere-yucca-de","14":"pa_inquinamento-bestaendigkeit-gegen-smog","15":"pa_origine-mexiko","16":"pa_portamento-eretto-de","17":"pa_profumo-intensiv","18":"pa_resistenza-climatica-mittel-hoch","19":"pa_utilizzo-kleine-gaerten","20":"pa_utilizzo-parks-de","22":"first","23":"instock","24":"purchasable","25":"product-type-simple"},"acf":[],"_links":{"self":[{"href":"https:\/\/innocentiemangonipiante.it\/de\/wp-json\/wp\/v2\/product\/68825","targetHints":{"allow":["GET"]}}],"collection":[{"href":"https:\/\/innocentiemangonipiante.it\/de\/wp-json\/wp\/v2\/product"}],"about":[{"href":"https:\/\/innocentiemangonipiante.it\/de\/wp-json\/wp\/v2\/types\/product"}],"wp:featuredmedia":[{"embeddable":true,"href":"https:\/\/innocentiemangonipiante.it\/de\/wp-json\/wp\/v2\/media\/68440"}],"wp:attachment":[{"href":"https:\/\/innocentiemangonipiante.it\/de\/wp-json\/wp\/v2\/media?parent=68825"}],"wp:term":[{"taxonomy":"product_brand","embeddable":true,"href":"https:\/\/innocentiemangonipiante.it\/de\/wp-json\/wp\/v2\/product_brand?post=68825"},{"taxonomy":"product_cat","embeddable":true,"href":"https:\/\/innocentiemangonipiante.it\/de\/wp-json\/wp\/v2\/product_cat?post=68825"},{"taxonomy":"product_tag","embeddable":true,"href":"https:\/\/innocentiemangonipiante.it\/de\/wp-json\/wp\/v2\/product_tag?post=68825"}],"curies":[{"name":"wp","href":"https:\/\/api.w.org\/{rel}","templated":true}]}}