{"id":68826,"date":"2026-01-07T15:54:45","date_gmt":"2026-01-07T14:54:45","guid":{"rendered":"https:\/\/innocentiemangonipiante.it\/syringa-bloomerang-dark-purple\/"},"modified":"2026-01-07T20:49:27","modified_gmt":"2026-01-07T19:49:27","slug":"syringa-bloomerang-dark-purple","status":"publish","type":"product","link":"https:\/\/innocentiemangonipiante.it\/de\/syringa-bloomerang-dark-purple\/","title":{"rendered":"SYRINGA bloomerang &#8218;Dark Purple&#8216; \u00ae"},"content":{"rendered":"<p>Wiederbl\u00fchende Sorte mit intensiv violetten Bl\u00fcten im April und Sp\u00e4tsommer. Die dunkelvioletten Knospen \u00f6ffnen sich und verstr\u00f6men wochenlang einen angenehmen Duft. Krankheitsresistent und sonnenvertr\u00e4glich.<\/p>\n","protected":false},"excerpt":{"rendered":"<p>Wiederbl\u00fchende Sorte mit intensiv violetten Bl\u00fcten im April und Sp\u00e4tsommer. Die dunkelvioletten Knospen \u00f6ffnen sich und verstr\u00f6men wochenlang einen angenehmen Duft. Krankheitsresistent und sonnenvertr\u00e4glich.<\/p>\n","protected":false},"featured_media":68451,"template":"","meta":{"_acf_changed":false},"product_brand":[],"product_cat":[8813],"product_tag":[10898],"class_list":{"0":"post-68826","1":"product","2":"type-product","3":"status-publish","4":"has-post-thumbnail","6":"product_cat-laubbaume-und-straucher","7":"product_tag-naturlichen","8":"pa_altezza-massima-100-de","9":"pa_altezza-massima-150-de","10":"pa_colore-fioritura-violett","11":"pa_famiglia-oleaceae-de","12":"pa_genere-syringa-de","13":"pa_origine-giappone","14":"pa_periodo-fioritura-april-de","15":"pa_periodo-fioritura-mai-de","16":"pa_periodo-fioritura-september-de","17":"pa_portamento-arrotondato-de","18":"pa_profumo-intensiv","19":"pa_resistenza-climatica-sehr-hoch","20":"pa_salinita-bestaendigkeit-in-meeresluft","21":"pa_utilizzo-bordueren","22":"pa_utilizzo-kleine-gaerten","23":"pa_utilizzo-parks-de","25":"first","26":"instock","27":"purchasable","28":"product-type-simple"},"acf":[],"_links":{"self":[{"href":"https:\/\/innocentiemangonipiante.it\/de\/wp-json\/wp\/v2\/product\/68826","targetHints":{"allow":["GET"]}}],"collection":[{"href":"https:\/\/innocentiemangonipiante.it\/de\/wp-json\/wp\/v2\/product"}],"about":[{"href":"https:\/\/innocentiemangonipiante.it\/de\/wp-json\/wp\/v2\/types\/product"}],"wp:featuredmedia":[{"embeddable":true,"href":"https:\/\/innocentiemangonipiante.it\/de\/wp-json\/wp\/v2\/media\/68451"}],"wp:attachment":[{"href":"https:\/\/innocentiemangonipiante.it\/de\/wp-json\/wp\/v2\/media?parent=68826"}],"wp:term":[{"taxonomy":"product_brand","embeddable":true,"href":"https:\/\/innocentiemangonipiante.it\/de\/wp-json\/wp\/v2\/product_brand?post=68826"},{"taxonomy":"product_cat","embeddable":true,"href":"https:\/\/innocentiemangonipiante.it\/de\/wp-json\/wp\/v2\/product_cat?post=68826"},{"taxonomy":"product_tag","embeddable":true,"href":"https:\/\/innocentiemangonipiante.it\/de\/wp-json\/wp\/v2\/product_tag?post=68826"}],"curies":[{"name":"wp","href":"https:\/\/api.w.org\/{rel}","templated":true}]}}