{"id":68828,"date":"2026-01-07T15:55:22","date_gmt":"2026-01-07T14:55:22","guid":{"rendered":"https:\/\/innocentiemangonipiante.it\/cephalanthus-occidentalis-fiber-optics-fe\/"},"modified":"2026-01-07T20:49:35","modified_gmt":"2026-01-07T19:49:35","slug":"cephalanthus-occidentalis-fiber-optics-fe","status":"publish","type":"product","link":"https:\/\/innocentiemangonipiante.it\/de\/cephalanthus-occidentalis-fiber-optics-fe\/","title":{"rendered":"CEPHALANTHUS occidentalis &#8218;Fiber Optics&#8216; FE \u00ae"},"content":{"rendered":"<p>Laubabwerfender, buschiger Strauch. Anfang Herbst erscheinen duftende, cremewei\u00dfe, schmale Bl\u00fcten, die dicht in symmetrischen Kugeln mit langen Staubbl\u00e4ttern angeordnet sind. Darauf folgen rote Beeren, die bis in den Herbst haften bleiben.<\/p>\n","protected":false},"excerpt":{"rendered":"<p>Laubabwerfender, buschiger Strauch. Anfang Herbst erscheinen duftende, cremewei\u00dfe, schmale Bl\u00fcten, die dicht in symmetrischen Kugeln mit langen Staubbl\u00e4ttern angeordnet sind. Darauf folgen rote Beeren, die bis in den Herbst haften bleiben.<\/p>\n","protected":false},"featured_media":68483,"template":"","meta":{"_acf_changed":false},"product_brand":[],"product_cat":[8318],"product_tag":[10898],"class_list":{"0":"post-68828","1":"product","2":"type-product","3":"status-publish","4":"has-post-thumbnail","6":"product_cat-keine-kategorie","7":"product_tag-naturlichen","8":"pa_altezza-massima-150-de","9":"pa_colore-fioritura-weis","10":"pa_famiglia-rubiaceae-de","11":"pa_genere-cephalanthus","12":"pa_origine-u-s-a","13":"pa_periodo-fioritura-august-de","14":"pa_periodo-fioritura-september-de","15":"pa_portamento-arrotondato-de","16":"pa_resistenza-climatica-sehr-hoch","17":"pa_utilizzo-kleine-gaerten","18":"pa_utilizzo-parks-de","20":"first","21":"instock","22":"purchasable","23":"product-type-simple"},"acf":[],"_links":{"self":[{"href":"https:\/\/innocentiemangonipiante.it\/de\/wp-json\/wp\/v2\/product\/68828","targetHints":{"allow":["GET"]}}],"collection":[{"href":"https:\/\/innocentiemangonipiante.it\/de\/wp-json\/wp\/v2\/product"}],"about":[{"href":"https:\/\/innocentiemangonipiante.it\/de\/wp-json\/wp\/v2\/types\/product"}],"wp:featuredmedia":[{"embeddable":true,"href":"https:\/\/innocentiemangonipiante.it\/de\/wp-json\/wp\/v2\/media\/68483"}],"wp:attachment":[{"href":"https:\/\/innocentiemangonipiante.it\/de\/wp-json\/wp\/v2\/media?parent=68828"}],"wp:term":[{"taxonomy":"product_brand","embeddable":true,"href":"https:\/\/innocentiemangonipiante.it\/de\/wp-json\/wp\/v2\/product_brand?post=68828"},{"taxonomy":"product_cat","embeddable":true,"href":"https:\/\/innocentiemangonipiante.it\/de\/wp-json\/wp\/v2\/product_cat?post=68828"},{"taxonomy":"product_tag","embeddable":true,"href":"https:\/\/innocentiemangonipiante.it\/de\/wp-json\/wp\/v2\/product_tag?post=68828"}],"curies":[{"name":"wp","href":"https:\/\/api.w.org\/{rel}","templated":true}]}}