{"id":68829,"date":"2026-01-07T15:55:39","date_gmt":"2026-01-07T14:55:39","guid":{"rendered":"https:\/\/innocentiemangonipiante.it\/distylium-linebaker-fe\/"},"modified":"2026-01-07T20:49:38","modified_gmt":"2026-01-07T19:49:38","slug":"distylium-linebaker-fe","status":"publish","type":"product","link":"https:\/\/innocentiemangonipiante.it\/de\/distylium-linebaker-fe\/","title":{"rendered":"DISTYLIUM &#8218;Linebaker&#8216; FE \u00ae"},"content":{"rendered":"<p>Immergr\u00fcner Strauch mit aufrechtem Wuchs und jungen, kupferroten Bl\u00e4ttern, die sp\u00e4ter dunkelgr\u00fcn werden. Er tr\u00e4gt rote Bl\u00fcten, die von Januar bis M\u00e4rz erscheinen. Kompaktes Laub, ideal als Sichtschutz oder Heckenpflanze.<\/p>\n","protected":false},"excerpt":{"rendered":"<p>Immergr\u00fcner Strauch mit aufrechtem Wuchs und jungen, kupferroten Bl\u00e4ttern, die sp\u00e4ter dunkelgr\u00fcn werden. Er tr\u00e4gt rote Bl\u00fcten, die von Januar bis M\u00e4rz erscheinen. Kompaktes Laub, ideal als Sichtschutz oder Heckenpflanze.<\/p>\n","protected":false},"featured_media":68499,"template":"","meta":{"_acf_changed":false},"product_brand":[],"product_cat":[8816],"product_tag":[10898],"class_list":{"0":"post-68829","1":"product","2":"type-product","3":"status-publish","4":"has-post-thumbnail","6":"product_cat-hartnaeckige-baeume-und-straeucher","7":"product_tag-naturlichen","8":"pa_altezza-massima-150-de","9":"pa_altezza-massima-250-de","10":"pa_colore-fioritura-rot","11":"pa_famiglia-hamamelidiaceae","12":"pa_genere-distylium-de","13":"pa_origine-giappone","14":"pa_periodo-fioritura-februar","15":"pa_periodo-fioritura-januar","16":"pa_periodo-fioritura-maerz","17":"pa_portamento-eretto-de","18":"pa_resistenza-climatica-mittel-hoch","19":"pa_utilizzo-hecken","21":"first","22":"instock","23":"purchasable","24":"product-type-simple"},"acf":[],"_links":{"self":[{"href":"https:\/\/innocentiemangonipiante.it\/de\/wp-json\/wp\/v2\/product\/68829","targetHints":{"allow":["GET"]}}],"collection":[{"href":"https:\/\/innocentiemangonipiante.it\/de\/wp-json\/wp\/v2\/product"}],"about":[{"href":"https:\/\/innocentiemangonipiante.it\/de\/wp-json\/wp\/v2\/types\/product"}],"wp:featuredmedia":[{"embeddable":true,"href":"https:\/\/innocentiemangonipiante.it\/de\/wp-json\/wp\/v2\/media\/68499"}],"wp:attachment":[{"href":"https:\/\/innocentiemangonipiante.it\/de\/wp-json\/wp\/v2\/media?parent=68829"}],"wp:term":[{"taxonomy":"product_brand","embeddable":true,"href":"https:\/\/innocentiemangonipiante.it\/de\/wp-json\/wp\/v2\/product_brand?post=68829"},{"taxonomy":"product_cat","embeddable":true,"href":"https:\/\/innocentiemangonipiante.it\/de\/wp-json\/wp\/v2\/product_cat?post=68829"},{"taxonomy":"product_tag","embeddable":true,"href":"https:\/\/innocentiemangonipiante.it\/de\/wp-json\/wp\/v2\/product_tag?post=68829"}],"curies":[{"name":"wp","href":"https:\/\/api.w.org\/{rel}","templated":true}]}}