{"id":68830,"date":"2026-01-07T15:55:55","date_gmt":"2026-01-07T14:55:55","guid":{"rendered":"https:\/\/innocentiemangonipiante.it\/hydrangea-macrophylla-eclipse-fe\/"},"modified":"2026-01-07T20:49:42","modified_gmt":"2026-01-07T19:49:42","slug":"hydrangea-macrophylla-eclipse-fe","status":"publish","type":"product","link":"https:\/\/innocentiemangonipiante.it\/de\/hydrangea-macrophylla-eclipse-fe\/","title":{"rendered":"HYDRANGEA macrophylla &#8218;Eclipse&#8216; FE \u00ae"},"content":{"rendered":"<p>Kompakt wachsende Sorte, eingef\u00fchrt im Jahr 2024. Laub zun\u00e4chst gr\u00fcn, sp\u00e4ter dunkelpurpur; sommerliche Bl\u00fcte in Rot mit wei\u00dfer Mitte.<\/p>\n","protected":false},"excerpt":{"rendered":"<p>Kompakt wachsende Sorte, eingef\u00fchrt im Jahr 2024. Laub zun\u00e4chst gr\u00fcn, sp\u00e4ter dunkelpurpur; sommerliche Bl\u00fcte in Rot mit wei\u00dfer Mitte.<\/p>\n","protected":false},"featured_media":68515,"template":"","meta":{"_acf_changed":false},"product_brand":[],"product_cat":[8813],"product_tag":[10898],"class_list":{"0":"post-68830","1":"product","2":"type-product","3":"status-publish","4":"has-post-thumbnail","6":"product_cat-laubbaume-und-straucher","7":"product_tag-naturlichen","8":"pa_altezza-massima-100-de","9":"pa_altezza-massima-150-de","10":"pa_colore-fioritura-rot","11":"pa_famiglia-hydrangeaceae-de-2","12":"pa_genere-hydrangea-de","13":"pa_origine-u-s-a","14":"pa_periodo-fioritura-august-de","15":"pa_periodo-fioritura-juli","16":"pa_periodo-fioritura-juni","17":"pa_portamento-arrotondato-de","18":"pa_resistenza-climatica-mittel-hoch","19":"pa_utilizzo-kleine-gaerten","20":"pa_utilizzo-parks-de","22":"first","23":"instock","24":"purchasable","25":"product-type-simple"},"acf":[],"_links":{"self":[{"href":"https:\/\/innocentiemangonipiante.it\/de\/wp-json\/wp\/v2\/product\/68830","targetHints":{"allow":["GET"]}}],"collection":[{"href":"https:\/\/innocentiemangonipiante.it\/de\/wp-json\/wp\/v2\/product"}],"about":[{"href":"https:\/\/innocentiemangonipiante.it\/de\/wp-json\/wp\/v2\/types\/product"}],"wp:featuredmedia":[{"embeddable":true,"href":"https:\/\/innocentiemangonipiante.it\/de\/wp-json\/wp\/v2\/media\/68515"}],"wp:attachment":[{"href":"https:\/\/innocentiemangonipiante.it\/de\/wp-json\/wp\/v2\/media?parent=68830"}],"wp:term":[{"taxonomy":"product_brand","embeddable":true,"href":"https:\/\/innocentiemangonipiante.it\/de\/wp-json\/wp\/v2\/product_brand?post=68830"},{"taxonomy":"product_cat","embeddable":true,"href":"https:\/\/innocentiemangonipiante.it\/de\/wp-json\/wp\/v2\/product_cat?post=68830"},{"taxonomy":"product_tag","embeddable":true,"href":"https:\/\/innocentiemangonipiante.it\/de\/wp-json\/wp\/v2\/product_tag?post=68830"}],"curies":[{"name":"wp","href":"https:\/\/api.w.org\/{rel}","templated":true}]}}