{"id":68831,"date":"2026-01-07T15:56:12","date_gmt":"2026-01-07T14:56:12","guid":{"rendered":"https:\/\/innocentiemangonipiante.it\/physocarpus-opulifolius-amber-jubilee-fe\/"},"modified":"2026-01-07T20:49:45","modified_gmt":"2026-01-07T19:49:45","slug":"physocarpus-opulifolius-amber-jubilee-fe","status":"publish","type":"product","link":"https:\/\/innocentiemangonipiante.it\/de\/physocarpus-opulifolius-amber-jubilee-fe\/","title":{"rendered":"PHYSOCARPUS opulifolius &#8218;Amber Jubilee&#8216; FE \u00ae"},"content":{"rendered":"<p>Laubabwerfender Strauch mit orange-gelbem Laub, sp\u00e4ter goldfarben, im Herbst purpurrot. Wei\u00dfe Bl\u00fcten im Sommer. Sehr robust.<\/p>\n","protected":false},"excerpt":{"rendered":"<p>Laubabwerfender Strauch mit orange-gelbem Laub, sp\u00e4ter goldfarben, im Herbst purpurrot. Wei\u00dfe Bl\u00fcten im Sommer. Sehr robust.<\/p>\n","protected":false},"featured_media":68531,"template":"","meta":{"_acf_changed":false},"product_brand":[],"product_cat":[8813],"product_tag":[10898],"class_list":{"0":"post-68831","1":"product","2":"type-product","3":"status-publish","4":"has-post-thumbnail","6":"product_cat-laubbaume-und-straucher","7":"product_tag-naturlichen","8":"pa_altezza-massima-150-de","9":"pa_altezza-massima-200-de","10":"pa_colore-delle-foglie-arancio","11":"pa_colore-fioritura-weis","12":"pa_famiglia-rosaceae-de","13":"pa_genere-physocarpus-de","14":"pa_origine-kanada","15":"pa_periodo-fioritura-august-de","16":"pa_periodo-fioritura-juli","17":"pa_periodo-fioritura-juni","18":"pa_portamento-cespuglioso-de","19":"pa_resistenza-climatica-sehr-hoch","20":"pa_utilizzo-kleine-gaerten","21":"pa_utilizzo-parks-de","23":"first","24":"instock","25":"purchasable","26":"product-type-simple"},"acf":[],"_links":{"self":[{"href":"https:\/\/innocentiemangonipiante.it\/de\/wp-json\/wp\/v2\/product\/68831","targetHints":{"allow":["GET"]}}],"collection":[{"href":"https:\/\/innocentiemangonipiante.it\/de\/wp-json\/wp\/v2\/product"}],"about":[{"href":"https:\/\/innocentiemangonipiante.it\/de\/wp-json\/wp\/v2\/types\/product"}],"wp:featuredmedia":[{"embeddable":true,"href":"https:\/\/innocentiemangonipiante.it\/de\/wp-json\/wp\/v2\/media\/68531"}],"wp:attachment":[{"href":"https:\/\/innocentiemangonipiante.it\/de\/wp-json\/wp\/v2\/media?parent=68831"}],"wp:term":[{"taxonomy":"product_brand","embeddable":true,"href":"https:\/\/innocentiemangonipiante.it\/de\/wp-json\/wp\/v2\/product_brand?post=68831"},{"taxonomy":"product_cat","embeddable":true,"href":"https:\/\/innocentiemangonipiante.it\/de\/wp-json\/wp\/v2\/product_cat?post=68831"},{"taxonomy":"product_tag","embeddable":true,"href":"https:\/\/innocentiemangonipiante.it\/de\/wp-json\/wp\/v2\/product_tag?post=68831"}],"curies":[{"name":"wp","href":"https:\/\/api.w.org\/{rel}","templated":true}]}}