{"id":68832,"date":"2026-01-07T15:56:32","date_gmt":"2026-01-07T14:56:32","guid":{"rendered":"https:\/\/innocentiemangonipiante.it\/physocarpus-opulifolius-fireside-fe\/"},"modified":"2026-01-07T20:49:48","modified_gmt":"2026-01-07T19:49:48","slug":"physocarpus-opulifolius-fireside-fe","status":"publish","type":"product","link":"https:\/\/innocentiemangonipiante.it\/de\/physocarpus-opulifolius-fireside-fe\/","title":{"rendered":"PHYSOCARPUS Opulifolius &#8218;Fireside&#8216; FE \u00ae"},"content":{"rendered":"<p>Laubabwerfender Strauch mit bronzerotem bis purpurnem Laub, das sich im Laufe der Saison ver\u00e4ndert. Wei\u00dfe Bl\u00fcte im Fr\u00fchling.<\/p>\n","protected":false},"excerpt":{"rendered":"<p>Laubabwerfender Strauch mit bronzerotem bis purpurnem Laub, das sich im Laufe der Saison ver\u00e4ndert. Wei\u00dfe Bl\u00fcte im Fr\u00fchling.<\/p>\n","protected":false},"featured_media":68547,"template":"","meta":{"_acf_changed":false},"product_brand":[],"product_cat":[8813],"product_tag":[10898],"class_list":{"0":"post-68832","1":"product","2":"type-product","3":"status-publish","4":"has-post-thumbnail","6":"product_cat-laubbaume-und-straucher","7":"product_tag-naturlichen","8":"pa_altezza-massima-100-de","9":"pa_altezza-massima-120-de","10":"pa_colore-delle-foglie-roten","11":"pa_colore-fioritura-weis","12":"pa_famiglia-rosaceae-de","13":"pa_genere-physocarpus-de","14":"pa_origine-u-s-a","15":"pa_periodo-fioritura-april-de","16":"pa_periodo-fioritura-mai-de","17":"pa_portamento-cespuglioso-de","18":"pa_resistenza-climatica-sehr-hoch","19":"pa_utilizzo-kleine-gaerten","20":"pa_utilizzo-parks-de","22":"first","23":"instock","24":"purchasable","25":"product-type-simple"},"acf":[],"_links":{"self":[{"href":"https:\/\/innocentiemangonipiante.it\/de\/wp-json\/wp\/v2\/product\/68832","targetHints":{"allow":["GET"]}}],"collection":[{"href":"https:\/\/innocentiemangonipiante.it\/de\/wp-json\/wp\/v2\/product"}],"about":[{"href":"https:\/\/innocentiemangonipiante.it\/de\/wp-json\/wp\/v2\/types\/product"}],"wp:featuredmedia":[{"embeddable":true,"href":"https:\/\/innocentiemangonipiante.it\/de\/wp-json\/wp\/v2\/media\/68547"}],"wp:attachment":[{"href":"https:\/\/innocentiemangonipiante.it\/de\/wp-json\/wp\/v2\/media?parent=68832"}],"wp:term":[{"taxonomy":"product_brand","embeddable":true,"href":"https:\/\/innocentiemangonipiante.it\/de\/wp-json\/wp\/v2\/product_brand?post=68832"},{"taxonomy":"product_cat","embeddable":true,"href":"https:\/\/innocentiemangonipiante.it\/de\/wp-json\/wp\/v2\/product_cat?post=68832"},{"taxonomy":"product_tag","embeddable":true,"href":"https:\/\/innocentiemangonipiante.it\/de\/wp-json\/wp\/v2\/product_tag?post=68832"}],"curies":[{"name":"wp","href":"https:\/\/api.w.org\/{rel}","templated":true}]}}