{"id":68833,"date":"2026-01-07T15:56:51","date_gmt":"2026-01-07T14:56:51","guid":{"rendered":"https:\/\/innocentiemangonipiante.it\/physocarpus-opulifolius-lucky-devil-fe\/"},"modified":"2026-01-07T20:49:51","modified_gmt":"2026-01-07T19:49:51","slug":"physocarpus-opulifolius-lucky-devil-fe","status":"publish","type":"product","link":"https:\/\/innocentiemangonipiante.it\/de\/physocarpus-opulifolius-lucky-devil-fe\/","title":{"rendered":"PHYSOCARPUS opulifolius &#8218;Lucky Devil&#8216; FE \u00ae"},"content":{"rendered":"<p>Laubabwerfender Strauch mit goldfarbenem Laub im Fr\u00fchling und Sommer, das sich im Herbst orange f\u00e4rbt. Wei\u00dfe Bl\u00fcten im Juni, gefolgt von kleinen roten Beeren.<\/p>\n","protected":false},"excerpt":{"rendered":"<p>Laubabwerfender Strauch mit goldfarbenem Laub im Fr\u00fchling und Sommer, das sich im Herbst orange f\u00e4rbt. Wei\u00dfe Bl\u00fcten im Juni, gefolgt von kleinen roten Beeren.<\/p>\n","protected":false},"featured_media":68563,"template":"","meta":{"_acf_changed":false},"product_brand":[],"product_cat":[8813],"product_tag":[10898],"class_list":{"0":"post-68833","1":"product","2":"type-product","3":"status-publish","4":"has-post-thumbnail","6":"product_cat-laubbaume-und-straucher","7":"product_tag-naturlichen","8":"pa_altezza-massima-100-de","9":"pa_altezza-massima-120-de","10":"pa_colore-delle-foglie-gelben","11":"pa_colore-fioritura-weis","12":"pa_famiglia-rosaceae-de","13":"pa_genere-physocarpus-de","14":"pa_origine-u-s-a","15":"pa_periodo-fioritura-juni","16":"pa_portamento-cespuglioso-de","17":"pa_resistenza-climatica-sehr-hoch","18":"pa_utilizzo-kleine-gaerten","19":"pa_utilizzo-parks-de","21":"first","22":"instock","23":"purchasable","24":"product-type-simple"},"acf":[],"_links":{"self":[{"href":"https:\/\/innocentiemangonipiante.it\/de\/wp-json\/wp\/v2\/product\/68833","targetHints":{"allow":["GET"]}}],"collection":[{"href":"https:\/\/innocentiemangonipiante.it\/de\/wp-json\/wp\/v2\/product"}],"about":[{"href":"https:\/\/innocentiemangonipiante.it\/de\/wp-json\/wp\/v2\/types\/product"}],"wp:featuredmedia":[{"embeddable":true,"href":"https:\/\/innocentiemangonipiante.it\/de\/wp-json\/wp\/v2\/media\/68563"}],"wp:attachment":[{"href":"https:\/\/innocentiemangonipiante.it\/de\/wp-json\/wp\/v2\/media?parent=68833"}],"wp:term":[{"taxonomy":"product_brand","embeddable":true,"href":"https:\/\/innocentiemangonipiante.it\/de\/wp-json\/wp\/v2\/product_brand?post=68833"},{"taxonomy":"product_cat","embeddable":true,"href":"https:\/\/innocentiemangonipiante.it\/de\/wp-json\/wp\/v2\/product_cat?post=68833"},{"taxonomy":"product_tag","embeddable":true,"href":"https:\/\/innocentiemangonipiante.it\/de\/wp-json\/wp\/v2\/product_tag?post=68833"}],"curies":[{"name":"wp","href":"https:\/\/api.w.org\/{rel}","templated":true}]}}